{"id":14165,"date":"2024-03-22T11:41:29","date_gmt":"2024-03-22T10:41:29","guid":{"rendered":"https:\/\/site-test.jd-web-et-design.fr\/produit\/collier-turquoise-brute-pierre\/"},"modified":"2024-10-30T14:34:13","modified_gmt":"2024-10-30T13:34:13","slug":"collier-turquoise-brute-pierre","status":"publish","type":"product","link":"https:\/\/arqitecture.fr\/en\/product\/collier-turquoise-brute-pierre\/","title":{"rendered":"Raw Turquoise Necklace, Authentic"},"content":{"rendered":"<p>\u25ba Elle fera le plus bel effet \u00e0 votre cou<\/p>\n<p>\u25ba Favorise l&rsquo;\u00e9quilibre \u00e9motionnel<\/p>\n<p>\u25ba Pour une touche de charme \u00e0 votre tenue<\/p>\n<p>\u25ba Cadeau id\u00e9al pour les amateurs ou passionn\u00e9s de pierre pr\u00e9cieuse<\/p>\n<p>\u25ba Cadeau pour une St Valentin, un anniversaire, une f\u00eates ou un mariage<\/p>\n<p>&nbsp;<\/p>\n<p>Consid\u00e9r\u00e9e pour attirer l&rsquo;argent, le succ\u00e8s et l&rsquo;amour, la turquoise est une pierre d&rsquo;amiti\u00e9 dans de nombreuses cultures.<\/p>\n<p>Les Am\u00e9rindiens associaient les couleurs de la pierre turquoise avec le bleu du ciel et la terre verte.<\/p>\n<p>Il est encore aujourd&rsquo;hui consid\u00e9r\u00e9 par beaucoup comme \u00e9tant symbolique de la source de l&rsquo;humanit\u00e9 dans la nature.<\/p>","protected":false},"excerpt":{"rendered":"<p>\u00c9l\u00e9gant et majestueux collier de pierres semi-pr\u00e9cieuses pures, des turquoises.<\/p>\n<p>Sa couleur verte embellira le cou de la personne qui le portera.<\/p>\n<p>Unique piece<\/p>\n<p>Size 50 cm<\/p>\n<p>Provenance \/ Mexique<\/p>","protected":false},"featured_media":14161,"template":"","meta":{"_et_pb_use_builder":"","_et_pb_old_content":"","_et_gb_content_width":""},"product_brand":[],"product_cat":[7415,7406],"product_tag":[8728,8129,8064,8809,8496,7995,8081,7994,8352,7996,8810,8350],"class_list":{"0":"post-14165","1":"product","2":"type-product","3":"status-publish","4":"has-post-thumbnail","6":"product_cat-deco-terre","7":"product_cat-tous-les-produits","8":"product_tag-art","9":"product_tag-bijoux","10":"product_tag-cadeau","11":"product_tag-collier","12":"product_tag-cou","13":"product_tag-deco","14":"product_tag-femme","15":"product_tag-feng-shui","16":"product_tag-nature","17":"product_tag-pierre","18":"product_tag-semi-precieuse","19":"product_tag-turquoise","21":"first","22":"instock","23":"taxable","24":"shipping-taxable","25":"purchasable","26":"product-type-simple"},"aioseo_notices":[],"_links":{"self":[{"href":"https:\/\/arqitecture.fr\/en\/wp-json\/wp\/v2\/product\/14165","targetHints":{"allow":["GET"]}}],"collection":[{"href":"https:\/\/arqitecture.fr\/en\/wp-json\/wp\/v2\/product"}],"about":[{"href":"https:\/\/arqitecture.fr\/en\/wp-json\/wp\/v2\/types\/product"}],"wp:featuredmedia":[{"embeddable":true,"href":"https:\/\/arqitecture.fr\/en\/wp-json\/wp\/v2\/media\/14161"}],"wp:attachment":[{"href":"https:\/\/arqitecture.fr\/en\/wp-json\/wp\/v2\/media?parent=14165"}],"wp:term":[{"taxonomy":"product_brand","embeddable":true,"href":"https:\/\/arqitecture.fr\/en\/wp-json\/wp\/v2\/product_brand?post=14165"},{"taxonomy":"product_cat","embeddable":true,"href":"https:\/\/arqitecture.fr\/en\/wp-json\/wp\/v2\/product_cat?post=14165"},{"taxonomy":"product_tag","embeddable":true,"href":"https:\/\/arqitecture.fr\/en\/wp-json\/wp\/v2\/product_tag?post=14165"}],"curies":[{"name":"wp","href":"https:\/\/api.w.org\/{rel}","templated":true}]}}