{"id":14155,"date":"2024-06-01T11:41:22","date_gmt":"2024-06-01T09:41:22","guid":{"rendered":"https:\/\/site-test.jd-web-et-design.fr\/produit\/bougie-flottante-rose-exterieur-piscine\/"},"modified":"2024-10-29T16:01:22","modified_gmt":"2024-10-29T15:01:22","slug":"bougie-flottante-rose-exterieur-piscine","status":"publish","type":"product","link":"https:\/\/arqitecture.fr\/en\/product\/bougie-flottante-rose-exterieur-piscine\/","title":{"rendered":"Bougie flottante rose d15cm"},"content":{"rendered":"<p>The candle is the essential decorative object in our interior.<br \/>\nPar sa flamme, elle donne imm\u00e9diatement une ambiance, agr\u00e9able, zen, parfum\u00e9e et conviviale !<br \/>\nThe candle gives the atmosphere we want in our rooms, it is at the same time the decorative touch that we all love!<\/p>\n<p>&nbsp;<\/p>\n<p>\u25ba Elle fera le plus bel effet \u263c dans une composition de fleurs, galets et p\u00e9tales<\/p>\n<p>\u25ba Pour d\u00e9corer votre salle de bains<\/p>\n<p>\u25ba Pour une atmosph\u00e8re chaleureuse et romantique<\/p>\n<p>\u25ba Pour illuminer les soir\u00e9es d&rsquo;\u00e9t\u00e9 ou d&rsquo;hiver<\/p>\n<p>\u25ba Thank you gift, Valentine&#039;s Day, Mother&#039;s Day or dinner invitation<\/p>","protected":false},"excerpt":{"rendered":"<p>Bougie flottante ronde rose indolore id\u00e9ale pour les grands r\u00e9cipients agr\u00e9ment\u00e9s de p\u00e9tales ou dans une piscine.<\/p>\n<p>Diameter 15 cm<\/p>\n<p>Duration: 67 hours<\/p>","protected":false},"featured_media":17029,"template":"","meta":{"_et_pb_use_builder":"","_et_pb_old_content":"","_et_gb_content_width":""},"product_brand":[],"product_cat":[7414,7412,7406],"product_tag":[8430,8031,8429,8570,8569,8033,8051,8024],"class_list":{"0":"post-14155","1":"product","2":"type-product","3":"status-publish","4":"has-post-thumbnail","6":"product_cat-deco-eau","7":"product_cat-deco-feu","8":"product_cat-tous-les-produits","9":"product_tag-allume","10":"product_tag-bougie","11":"product_tag-feu","12":"product_tag-flottante","13":"product_tag-piscine","14":"product_tag-relax","15":"product_tag-rose","16":"product_tag-zen","17":"pa_diametre-15cm","18":"pa_hauteur-6cm","20":"first","21":"instock","22":"taxable","23":"shipping-taxable","24":"purchasable","25":"product-type-simple"},"aioseo_notices":[],"_links":{"self":[{"href":"https:\/\/arqitecture.fr\/en\/wp-json\/wp\/v2\/product\/14155","targetHints":{"allow":["GET"]}}],"collection":[{"href":"https:\/\/arqitecture.fr\/en\/wp-json\/wp\/v2\/product"}],"about":[{"href":"https:\/\/arqitecture.fr\/en\/wp-json\/wp\/v2\/types\/product"}],"wp:featuredmedia":[{"embeddable":true,"href":"https:\/\/arqitecture.fr\/en\/wp-json\/wp\/v2\/media\/17029"}],"wp:attachment":[{"href":"https:\/\/arqitecture.fr\/en\/wp-json\/wp\/v2\/media?parent=14155"}],"wp:term":[{"taxonomy":"product_brand","embeddable":true,"href":"https:\/\/arqitecture.fr\/en\/wp-json\/wp\/v2\/product_brand?post=14155"},{"taxonomy":"product_cat","embeddable":true,"href":"https:\/\/arqitecture.fr\/en\/wp-json\/wp\/v2\/product_cat?post=14155"},{"taxonomy":"product_tag","embeddable":true,"href":"https:\/\/arqitecture.fr\/en\/wp-json\/wp\/v2\/product_tag?post=14155"}],"curies":[{"name":"wp","href":"https:\/\/api.w.org\/{rel}","templated":true}]}}