{"id":14152,"date":"2024-06-01T11:41:20","date_gmt":"2024-06-01T09:41:20","guid":{"rendered":"https:\/\/site-test.jd-web-et-design.fr\/produit\/bougie-opium-parfumee-grise-idee-cadeau\/"},"modified":"2024-10-28T12:50:31","modified_gmt":"2024-10-28T11:50:31","slug":"bougie-opium-parfumee-grise-idee-cadeau","status":"publish","type":"product","link":"https:\/\/arqitecture.fr\/en\/product\/bougie-opium-parfumee-grise-idee-cadeau\/","title":{"rendered":"Bougie cylindre parfum\u00e9e OPIUM"},"content":{"rendered":"<p>\u25ba Embaumera l&rsquo;espace<\/p>\n<p>\u25ba Ambiance parfum\u00e9e \u00e9pic\u00e9e et relaxante<\/p>\n<p>\u25ba Office or living room decoration<\/p>\n<p>\u25ba Gift for Valentine&#039;s Day, Christmas, wedding, birthday or housewarming<\/p>","protected":false},"excerpt":{"rendered":"<p>Opium scented candle, ideal for scenting your home. With its flame, it immediately gives a warm and zen atmosphere! A touch of gray color to the decoration and a pleasant smell for a total duration of 75 hours.<\/p>\n<p>It\u2019s the decorative touch that we all love! The essential element for your interior decoration.<\/p>\n<p>H 10 cm<\/p>\n<p>&nbsp;<\/p>","protected":false},"featured_media":14151,"template":"","meta":{"_et_pb_use_builder":"","_et_pb_old_content":"","_et_gb_content_width":""},"product_brand":[],"product_cat":[7412,7406],"product_tag":[8031,7995,8568,8392,8034,8033,8035,8024],"class_list":{"0":"post-14152","1":"product","2":"type-product","3":"status-publish","4":"has-post-thumbnail","6":"product_cat-deco-feu","7":"product_cat-tous-les-produits","8":"product_tag-bougie","9":"product_tag-deco","10":"product_tag-grse","11":"product_tag-opium","12":"product_tag-parfume","13":"product_tag-relax","14":"product_tag-senteur","15":"product_tag-zen","16":"pa_diametre-10cm","17":"pa_hauteur-10cm","19":"first","20":"instock","21":"taxable","22":"shipping-taxable","23":"purchasable","24":"product-type-simple"},"aioseo_notices":[],"_links":{"self":[{"href":"https:\/\/arqitecture.fr\/en\/wp-json\/wp\/v2\/product\/14152","targetHints":{"allow":["GET"]}}],"collection":[{"href":"https:\/\/arqitecture.fr\/en\/wp-json\/wp\/v2\/product"}],"about":[{"href":"https:\/\/arqitecture.fr\/en\/wp-json\/wp\/v2\/types\/product"}],"wp:featuredmedia":[{"embeddable":true,"href":"https:\/\/arqitecture.fr\/en\/wp-json\/wp\/v2\/media\/14151"}],"wp:attachment":[{"href":"https:\/\/arqitecture.fr\/en\/wp-json\/wp\/v2\/media?parent=14152"}],"wp:term":[{"taxonomy":"product_brand","embeddable":true,"href":"https:\/\/arqitecture.fr\/en\/wp-json\/wp\/v2\/product_brand?post=14152"},{"taxonomy":"product_cat","embeddable":true,"href":"https:\/\/arqitecture.fr\/en\/wp-json\/wp\/v2\/product_cat?post=14152"},{"taxonomy":"product_tag","embeddable":true,"href":"https:\/\/arqitecture.fr\/en\/wp-json\/wp\/v2\/product_tag?post=14152"}],"curies":[{"name":"wp","href":"https:\/\/api.w.org\/{rel}","templated":true}]}}