{"id":14145,"date":"2024-03-03T11:59:15","date_gmt":"2024-03-03T10:59:15","guid":{"rendered":"https:\/\/site-test.jd-web-et-design.fr\/produit\/coeur-quartz-blanc-pierre-semi-precieuse\/"},"modified":"2024-10-28T13:14:11","modified_gmt":"2024-10-28T12:14:11","slug":"coeur-quartz-blanc-pierre-semi-precieuse","status":"publish","type":"product","link":"https:\/\/arqitecture.fr\/en\/product\/coeur-quartz-blanc-pierre-semi-precieuse\/","title":{"rendered":"Coeur bomb\u00e9 4cm, Quartz blanc"},"content":{"rendered":"<p>\u25ba Il fera le plus bel effet \u263c sur une commode ou un bureau<\/p>\n<p>\u25ba Pour une touche nature<\/p>\n<p>\u25ba D\u00e9coration de salon, chambre ou bureau<\/p>\n<p>\u25ba Cadeau id\u00e9al pour les amateurs de pierres pr\u00e9cieuses<\/p>\n<p>\u25ba Cadeau de remerciements, St Valentin ou invitation \u00e0 diner<\/p>\n<p>\u25ba Pour agr\u00e9menter une d\u00e9coration de mariage<\/p>\n<p>Absolument neutre, peut \u00eatre employ\u00e9\u00a0 sur tous les chakras, pour tous les usages, mais il amplifie la force des autres pierres y compris l\u2019\u00e9meraude.<br \/>\nFacile \u00e0 programmer, le cristal de roche est un puissant amplificateur.<br \/>\nFight against sensitivity to cold.<br \/>\nPermet de d\u00e9bloquer les chakras et de faire circuler l&rsquo;\u00e9nergie entre eux.<br \/>\nBlocages physiques\u00a0: crampes musculaires, douleurs en g\u00e9n\u00e9ral, redonne \u00e9quilibre.<br \/>\nDouleurs du dos, probl\u00e8mes de disques intervert\u00e9braux et d\u2019hernie discale.<br \/>\nMaux de t\u00eate, m\u00e2choires. Ligaments.<br \/>\nEffective for the heart, lymph, glands and circulation.<br \/>\nStrengthens the lungs, the eyes; against eye pain.<br \/>\nSoothes entire nervous system, strengthens pineal gland.<br \/>\nL\u00e8ve les blocages de l\u2019\u00e9nergie dans notre corps.<br \/>\nRecharge en \u00e9nergie nouvelle. Surmenage.<br \/>\nTesticles, fatty tissue, prostate.<br \/>\nEpilepsy, glaucoma, hemiplegia.<br \/>\nRestores energy to plants (in the pot).<\/p>","protected":false},"excerpt":{"rendered":"<p>Pierre taill\u00e9e en forme de c\u0153ur, au design d\u00e9licat en quartz. <\/p>\n<p>Heart to place or carry in your pocket in semi-precious stone, white quartz.<\/p>","protected":false},"featured_media":17133,"template":"","meta":{"_et_pb_use_builder":"","_et_pb_old_content":"","_et_gb_content_width":""},"product_brand":[],"product_cat":[7415,7406],"product_tag":[],"class_list":{"0":"post-14145","1":"product","2":"type-product","3":"status-publish","4":"has-post-thumbnail","6":"product_cat-deco-terre","7":"product_cat-tous-les-produits","8":"pa_hauteur-4cm","9":"pa_longueur-4-5-cm","10":"pa_profondeur-2cm","12":"first","13":"instock","14":"taxable","15":"shipping-taxable","16":"purchasable","17":"product-type-simple"},"aioseo_notices":[],"_links":{"self":[{"href":"https:\/\/arqitecture.fr\/en\/wp-json\/wp\/v2\/product\/14145","targetHints":{"allow":["GET"]}}],"collection":[{"href":"https:\/\/arqitecture.fr\/en\/wp-json\/wp\/v2\/product"}],"about":[{"href":"https:\/\/arqitecture.fr\/en\/wp-json\/wp\/v2\/types\/product"}],"wp:featuredmedia":[{"embeddable":true,"href":"https:\/\/arqitecture.fr\/en\/wp-json\/wp\/v2\/media\/17133"}],"wp:attachment":[{"href":"https:\/\/arqitecture.fr\/en\/wp-json\/wp\/v2\/media?parent=14145"}],"wp:term":[{"taxonomy":"product_brand","embeddable":true,"href":"https:\/\/arqitecture.fr\/en\/wp-json\/wp\/v2\/product_brand?post=14145"},{"taxonomy":"product_cat","embeddable":true,"href":"https:\/\/arqitecture.fr\/en\/wp-json\/wp\/v2\/product_cat?post=14145"},{"taxonomy":"product_tag","embeddable":true,"href":"https:\/\/arqitecture.fr\/en\/wp-json\/wp\/v2\/product_tag?post=14145"}],"curies":[{"name":"wp","href":"https:\/\/api.w.org\/{rel}","templated":true}]}}