{"id":14128,"date":"2024-03-05T18:17:04","date_gmt":"2024-03-05T17:17:04","guid":{"rendered":"https:\/\/site-test.jd-web-et-design.fr\/produit\/jarre-blanche-ceramique-decoration-vase-fleurs\/"},"modified":"2024-10-28T13:43:22","modified_gmt":"2024-10-28T12:43:22","slug":"jarre-blanche-ceramique-decoration-vase-fleurs","status":"publish","type":"product","link":"https:\/\/arqitecture.fr\/en\/product\/jarre-blanche-ceramique-decoration-vase-fleurs\/","title":{"rendered":"Vase Jarre blanc H30cm, C\u00e9ramique facett\u00e9e"},"content":{"rendered":"<p>\u25ba Il fera le plus bel effet \u263c sur un meuble, une table basse ou une \u00e9tag\u00e8re<\/p>\n<p>\u25ba Pour une touche \u00e9pur\u00e9e et florale<\/p>\n<p>\u25ba D\u00e9coration d&rsquo;entr\u00e9e, de cuisine, de bureau ou de salon<\/p>\n<p>\u25ba Cadeau de remerciement, de mariage, f\u00eate des m\u00e8res, pendaison de cr\u00e9maill\u00e8re, pour une invitation \u00e0 diner ou une St Valentin<\/p>","protected":false},"excerpt":{"rendered":"<p>Highlight your flowers with this large faceted white ceramic vase.<\/p>\n<p>Blanc en c\u00e9ramique<\/p>\n<p>H 30 cm<\/p>","protected":false},"featured_media":16960,"template":"","meta":{"_et_pb_use_builder":"","_et_pb_old_content":"","_et_gb_content_width":""},"product_brand":[],"product_cat":[7413,7415,7406],"product_tag":[8117,8565],"class_list":{"0":"post-14128","1":"product","2":"type-product","3":"status-publish","4":"has-post-thumbnail","6":"product_cat-deco-bois","7":"product_cat-deco-terre","8":"product_cat-tous-les-produits","9":"product_tag-ceramique","10":"product_tag-jarre","11":"pa_diametre-20cm","12":"pa_hauteur-30cm","14":"first","15":"instock","16":"taxable","17":"shipping-taxable","18":"purchasable","19":"product-type-simple"},"aioseo_notices":[],"_links":{"self":[{"href":"https:\/\/arqitecture.fr\/en\/wp-json\/wp\/v2\/product\/14128","targetHints":{"allow":["GET"]}}],"collection":[{"href":"https:\/\/arqitecture.fr\/en\/wp-json\/wp\/v2\/product"}],"about":[{"href":"https:\/\/arqitecture.fr\/en\/wp-json\/wp\/v2\/types\/product"}],"wp:featuredmedia":[{"embeddable":true,"href":"https:\/\/arqitecture.fr\/en\/wp-json\/wp\/v2\/media\/16960"}],"wp:attachment":[{"href":"https:\/\/arqitecture.fr\/en\/wp-json\/wp\/v2\/media?parent=14128"}],"wp:term":[{"taxonomy":"product_brand","embeddable":true,"href":"https:\/\/arqitecture.fr\/en\/wp-json\/wp\/v2\/product_brand?post=14128"},{"taxonomy":"product_cat","embeddable":true,"href":"https:\/\/arqitecture.fr\/en\/wp-json\/wp\/v2\/product_cat?post=14128"},{"taxonomy":"product_tag","embeddable":true,"href":"https:\/\/arqitecture.fr\/en\/wp-json\/wp\/v2\/product_tag?post=14128"}],"curies":[{"name":"wp","href":"https:\/\/api.w.org\/{rel}","templated":true}]}}