{"id":14114,"date":"2024-03-05T11:40:55","date_gmt":"2024-03-05T10:40:55","guid":{"rendered":"https:\/\/site-test.jd-web-et-design.fr\/produit\/vase-grande-bouteille-orange-ceramique-deco\/"},"modified":"2024-10-28T16:28:46","modified_gmt":"2024-10-28T15:28:46","slug":"vase-grande-bouteille-orange-ceramique-deco","status":"publish","type":"product","link":"https:\/\/arqitecture.fr\/en\/product\/vase-grande-bouteille-orange-ceramique-deco\/","title":{"rendered":"Vase Grande Bouteille H47 cm, C\u00e9ramique orange"},"content":{"rendered":"<p>\u25ba Il fera le plus bel effet \u263c sur un meuble, une table basse ou \u00e0 m\u00eame le sol<\/p>\n<p>\u25ba Pour une touche color\u00e9e et florale<\/p>\n<p>\u25ba D\u00e9coration d&rsquo;entr\u00e9e, de bureau, salle d&rsquo;attente ou de salon<\/p>\n<p>\u25ba Cadeau de remerciement, de mariage, de pendaison de cr\u00e9maill\u00e8re, pour une invitation \u00e0 diner ou une St Valentin<\/p>","protected":false},"excerpt":{"rendered":"<p>Large bottle vase in orange lacquered ceramic. Add a colorful touch to your interior.<\/p>\n<p>Office, entrance and living room decoration<\/p>\n<p>H 47 cm<\/p>","protected":false},"featured_media":16983,"template":"","meta":{"_et_pb_use_builder":"","_et_pb_old_content":"","_et_gb_content_width":""},"product_brand":[],"product_cat":[7413,7415,7406],"product_tag":[8564,7995,8408,8266],"class_list":{"0":"post-14114","1":"product","2":"type-product","3":"status-publish","4":"has-post-thumbnail","6":"product_cat-deco-bois","7":"product_cat-deco-terre","8":"product_cat-tous-les-produits","9":"product_tag-bouteille","10":"product_tag-deco","11":"product_tag-orange","12":"product_tag-vase","13":"pa_diametre-12cm","14":"pa_hauteur-47cm","16":"first","17":"instock","18":"taxable","19":"shipping-taxable","20":"purchasable","21":"product-type-simple"},"aioseo_notices":[],"_links":{"self":[{"href":"https:\/\/arqitecture.fr\/en\/wp-json\/wp\/v2\/product\/14114","targetHints":{"allow":["GET"]}}],"collection":[{"href":"https:\/\/arqitecture.fr\/en\/wp-json\/wp\/v2\/product"}],"about":[{"href":"https:\/\/arqitecture.fr\/en\/wp-json\/wp\/v2\/types\/product"}],"wp:featuredmedia":[{"embeddable":true,"href":"https:\/\/arqitecture.fr\/en\/wp-json\/wp\/v2\/media\/16983"}],"wp:attachment":[{"href":"https:\/\/arqitecture.fr\/en\/wp-json\/wp\/v2\/media?parent=14114"}],"wp:term":[{"taxonomy":"product_brand","embeddable":true,"href":"https:\/\/arqitecture.fr\/en\/wp-json\/wp\/v2\/product_brand?post=14114"},{"taxonomy":"product_cat","embeddable":true,"href":"https:\/\/arqitecture.fr\/en\/wp-json\/wp\/v2\/product_cat?post=14114"},{"taxonomy":"product_tag","embeddable":true,"href":"https:\/\/arqitecture.fr\/en\/wp-json\/wp\/v2\/product_tag?post=14114"}],"curies":[{"name":"wp","href":"https:\/\/api.w.org\/{rel}","templated":true}]}}