{"id":14102,"date":"2024-04-16T11:40:49","date_gmt":"2024-04-16T09:40:49","guid":{"rendered":"https:\/\/site-test.jd-web-et-design.fr\/produit\/sculpture-le-carre-aluminium-deco\/"},"modified":"2024-10-31T17:44:32","modified_gmt":"2024-10-31T16:44:32","slug":"sculpture-le-carre-aluminium-deco","status":"publish","type":"product","link":"https:\/\/arqitecture.fr\/en\/product\/sculpture-le-carre-aluminium-deco\/","title":{"rendered":"Sculpture Le Grand Carr\u00e9 H63cm, Design m\u00e9tal"},"content":{"rendered":"<p>\u25ba Il attirera tous les regards et renverra la lumi\u00e8re<\/p>\n<p>\u25ba Apporte dynamisme et rigueur \u00e0 une pi\u00e8ce<\/p>\n<p>\u25ba Ambiance moderne<\/p>\n<p>\u25ba Mobilier d&rsquo;entr\u00e9e, de salon, bureau ou h\u00f4tels<\/p>\n<p>\u25ba Id\u00e9e cadeau-d\u00e9co pour mariage, anniversaire ou cr\u00e9maill\u00e8re<\/p>","protected":false},"excerpt":{"rendered":"<p>Grande et \u00e9l\u00e9gante sculpture d&rsquo;un Carr\u00e9 sur un socle socle rond. <\/p>\n<p>Aluminium non poli, il n&rsquo;a pas l&rsquo;effet de miroir mais attire la lumi\u00e8re sur lui pour la renvoyer. <\/p>\n<p>D\u00e9coration int\u00e9rieur tendance.<\/p>","protected":false},"featured_media":17341,"template":"","meta":{"_et_pb_use_builder":"","_et_pb_old_content":"","_et_gb_content_width":""},"product_brand":[],"product_cat":[7411,7406],"product_tag":[],"class_list":{"0":"post-14102","1":"product","2":"type-product","3":"status-publish","4":"has-post-thumbnail","6":"product_cat-deco-metal","7":"product_cat-tous-les-produits","8":"pa_hauteur-63cm","9":"pa_longueur-61cm","10":"pa_profondeur-20cm","12":"first","13":"instock","14":"taxable","15":"shipping-taxable","16":"purchasable","17":"product-type-simple"},"aioseo_notices":[],"_links":{"self":[{"href":"https:\/\/arqitecture.fr\/en\/wp-json\/wp\/v2\/product\/14102","targetHints":{"allow":["GET"]}}],"collection":[{"href":"https:\/\/arqitecture.fr\/en\/wp-json\/wp\/v2\/product"}],"about":[{"href":"https:\/\/arqitecture.fr\/en\/wp-json\/wp\/v2\/types\/product"}],"wp:featuredmedia":[{"embeddable":true,"href":"https:\/\/arqitecture.fr\/en\/wp-json\/wp\/v2\/media\/17341"}],"wp:attachment":[{"href":"https:\/\/arqitecture.fr\/en\/wp-json\/wp\/v2\/media?parent=14102"}],"wp:term":[{"taxonomy":"product_brand","embeddable":true,"href":"https:\/\/arqitecture.fr\/en\/wp-json\/wp\/v2\/product_brand?post=14102"},{"taxonomy":"product_cat","embeddable":true,"href":"https:\/\/arqitecture.fr\/en\/wp-json\/wp\/v2\/product_cat?post=14102"},{"taxonomy":"product_tag","embeddable":true,"href":"https:\/\/arqitecture.fr\/en\/wp-json\/wp\/v2\/product_tag?post=14102"}],"curies":[{"name":"wp","href":"https:\/\/api.w.org\/{rel}","templated":true}]}}