{"id":14099,"date":"2024-05-04T15:21:47","date_gmt":"2024-05-04T13:21:47","guid":{"rendered":"https:\/\/site-test.jd-web-et-design.fr\/produit\/arbre-bois-bijoux-decoration\/"},"modified":"2024-10-23T17:58:22","modified_gmt":"2024-10-23T15:58:22","slug":"arbre-bois-bijoux-decoration","status":"publish","type":"product","link":"https:\/\/arqitecture.fr\/en\/product\/arbre-bois-bijoux-decoration\/","title":{"rendered":"Arbre H30cm, Bois"},"content":{"rendered":"<p>\u25ba Il fera le plus bel effet \u263c sur un meuble, une table basse ou une \u00e9tag\u00e8re<\/p>\n<p>\u25ba Pour une touche nature et reposante<\/p>\n<p>\u25ba D\u00e9coration d&rsquo;entr\u00e9e, de cuisine, de chambre, de bureau ou de salon<\/p>\n<p>\u25ba Cadeau de remerciement, de mariage, f\u00eate des m\u00e8res, pendaison de cr\u00e9maill\u00e8re, pour une invitation \u00e0 diner ou une Saint Valentin<\/p>","protected":false},"excerpt":{"rendered":"<p>Mettez en valeur vos pendentifs et colliers avec ce porte bijoux.<\/p>\n<p>Objet d\u00e9coratif aux formes g\u00e9n\u00e9reuses pour agr\u00e9menter sa d\u00e9coration int\u00e9rieure.<\/p>\n<p>Bois de couleur naturelle<\/p>\n<p>H 30 cm<\/p>","protected":false},"featured_media":19489,"template":"","meta":{"_et_pb_use_builder":"","_et_pb_old_content":"","_et_gb_content_width":""},"product_brand":[],"product_cat":[7413,7406],"product_tag":[],"class_list":{"0":"post-14099","1":"product","2":"type-product","3":"status-publish","4":"has-post-thumbnail","6":"product_cat-deco-bois","7":"product_cat-tous-les-produits","8":"pa_hauteur-30cm","9":"pa_longueur-21cm","10":"pa_profondeur-6cm","12":"first","13":"instock","14":"taxable","15":"shipping-taxable","16":"purchasable","17":"product-type-simple"},"aioseo_notices":[],"_links":{"self":[{"href":"https:\/\/arqitecture.fr\/en\/wp-json\/wp\/v2\/product\/14099","targetHints":{"allow":["GET"]}}],"collection":[{"href":"https:\/\/arqitecture.fr\/en\/wp-json\/wp\/v2\/product"}],"about":[{"href":"https:\/\/arqitecture.fr\/en\/wp-json\/wp\/v2\/types\/product"}],"wp:featuredmedia":[{"embeddable":true,"href":"https:\/\/arqitecture.fr\/en\/wp-json\/wp\/v2\/media\/19489"}],"wp:attachment":[{"href":"https:\/\/arqitecture.fr\/en\/wp-json\/wp\/v2\/media?parent=14099"}],"wp:term":[{"taxonomy":"product_brand","embeddable":true,"href":"https:\/\/arqitecture.fr\/en\/wp-json\/wp\/v2\/product_brand?post=14099"},{"taxonomy":"product_cat","embeddable":true,"href":"https:\/\/arqitecture.fr\/en\/wp-json\/wp\/v2\/product_cat?post=14099"},{"taxonomy":"product_tag","embeddable":true,"href":"https:\/\/arqitecture.fr\/en\/wp-json\/wp\/v2\/product_tag?post=14099"}],"curies":[{"name":"wp","href":"https:\/\/api.w.org\/{rel}","templated":true}]}}