{"id":14095,"date":"2024-06-12T11:40:44","date_gmt":"2024-06-12T09:40:44","guid":{"rendered":"https:\/\/site-test.jd-web-et-design.fr\/produit\/chandelier-2-flammes-design-bougie\/"},"modified":"2024-10-31T09:43:34","modified_gmt":"2024-10-31T08:43:34","slug":"chandelier-2-flammes-design-bougie","status":"publish","type":"product","link":"https:\/\/arqitecture.fr\/en\/product\/chandelier-2-flammes-design-bougie\/","title":{"rendered":"Sculpture Chandelier 2 flammes H45cm, Design m\u00e9tal"},"content":{"rendered":"<p>\u25ba It will attract all eyes<\/p>\n<p>\u25ba Ajoutera de la hauteur et de la clart\u00e9 \u00e0 votre int\u00e9rieur<\/p>\n<p>\u25ba Modern and minimalist style<\/p>\n<p>\u25ba D\u00e9coration de salon ou de couloir<\/p>\n<p>\u25ba Id\u00e9e cadeau-d\u00e9co pour mariage, anniversaire ou cr\u00e9maill\u00e8re<\/p>\n<p>\u25ba Pour agr\u00e9menter la d\u00e9coration d&rsquo;un bar, caf\u00e9, h\u00f4tel\u2026<\/p>","protected":false},"excerpt":{"rendered":"<p>Profitez de la douceur de la lumi\u00e8re de la flamme avec ce bougeoir sculpture en aluminium.<\/p>\n<p>Superbe \u00e9l\u00e9ment design, \u00e9l\u00e9gant et romantique pour des soir\u00e9es \u00e9blouissantes.<\/p>\n<p>H 45 cm<\/p>","protected":false},"featured_media":16866,"template":"","meta":{"_et_pb_use_builder":"","_et_pb_old_content":"","_et_gb_content_width":""},"product_brand":[],"product_cat":[7412,7411,7406],"product_tag":[8010,8031,8212,7995,8227],"class_list":{"0":"post-14095","1":"product","2":"type-product","3":"status-publish","4":"has-post-thumbnail","6":"product_cat-deco-feu","7":"product_cat-deco-metal","8":"product_cat-tous-les-produits","9":"product_tag-aluminium","10":"product_tag-bougie","11":"product_tag-chandelier","12":"product_tag-deco","13":"product_tag-design","14":"pa_hauteur-4_5cm","15":"pa_longueur-22cm","16":"pa_profondeur-11cm","18":"first","19":"instock","20":"taxable","21":"shipping-taxable","22":"purchasable","23":"product-type-simple"},"aioseo_notices":[],"_links":{"self":[{"href":"https:\/\/arqitecture.fr\/en\/wp-json\/wp\/v2\/product\/14095","targetHints":{"allow":["GET"]}}],"collection":[{"href":"https:\/\/arqitecture.fr\/en\/wp-json\/wp\/v2\/product"}],"about":[{"href":"https:\/\/arqitecture.fr\/en\/wp-json\/wp\/v2\/types\/product"}],"wp:featuredmedia":[{"embeddable":true,"href":"https:\/\/arqitecture.fr\/en\/wp-json\/wp\/v2\/media\/16866"}],"wp:attachment":[{"href":"https:\/\/arqitecture.fr\/en\/wp-json\/wp\/v2\/media?parent=14095"}],"wp:term":[{"taxonomy":"product_brand","embeddable":true,"href":"https:\/\/arqitecture.fr\/en\/wp-json\/wp\/v2\/product_brand?post=14095"},{"taxonomy":"product_cat","embeddable":true,"href":"https:\/\/arqitecture.fr\/en\/wp-json\/wp\/v2\/product_cat?post=14095"},{"taxonomy":"product_tag","embeddable":true,"href":"https:\/\/arqitecture.fr\/en\/wp-json\/wp\/v2\/product_tag?post=14095"}],"curies":[{"name":"wp","href":"https:\/\/api.w.org\/{rel}","templated":true}]}}