{"id":14087,"date":"2023-12-12T11:40:39","date_gmt":"2023-12-12T10:40:39","guid":{"rendered":"https:\/\/site-test.jd-web-et-design.fr\/produit\/coquillage-deco-argente\/"},"modified":"2024-10-30T11:36:33","modified_gmt":"2024-10-30T10:36:33","slug":"coquillage-deco-argente","status":"publish","type":"product","link":"https:\/\/arqitecture.fr\/en\/product\/coquillage-deco-argente\/","title":{"rendered":"Coquillage H12cm, R\u00e9sine argent\u00e9e"},"content":{"rendered":"<p>\u25ba Pour une touche de vacances \u00e0 votre int\u00e9rieur<\/p>\n<p>\u25ba Ambiance relax et bord de mer<\/p>\n<p>\u25ba D\u00e9coration de salon, salle de bains, terrasse ou piscine<\/p>\n<p>\u25ba Thank you gift or dinner invitation<\/p>\n<p>\u25ba Cadeau id\u00e9al pour les passionn\u00e9s des mers \/ oc\u00e9ans<\/p>","protected":false},"excerpt":{"rendered":"<p>Mettez une touche de vacances avec ce coquillage r\u00e9aliste.<\/p>\n<p>En r\u00e9sine m\u00e9tal argent\u00e9e<\/p>\n<p>H 12 cm; L 15 cm<\/p>","protected":false},"featured_media":17006,"template":"","meta":{"_et_pb_use_builder":"","_et_pb_old_content":"","_et_gb_content_width":""},"product_brand":[],"product_cat":[7414,7406],"product_tag":[],"class_list":{"0":"post-14087","1":"product","2":"type-product","3":"status-publish","4":"has-post-thumbnail","6":"product_cat-deco-eau","7":"product_cat-tous-les-produits","9":"first","10":"instock","11":"taxable","12":"shipping-taxable","13":"purchasable","14":"product-type-simple"},"aioseo_notices":[],"_links":{"self":[{"href":"https:\/\/arqitecture.fr\/en\/wp-json\/wp\/v2\/product\/14087","targetHints":{"allow":["GET"]}}],"collection":[{"href":"https:\/\/arqitecture.fr\/en\/wp-json\/wp\/v2\/product"}],"about":[{"href":"https:\/\/arqitecture.fr\/en\/wp-json\/wp\/v2\/types\/product"}],"wp:featuredmedia":[{"embeddable":true,"href":"https:\/\/arqitecture.fr\/en\/wp-json\/wp\/v2\/media\/17006"}],"wp:attachment":[{"href":"https:\/\/arqitecture.fr\/en\/wp-json\/wp\/v2\/media?parent=14087"}],"wp:term":[{"taxonomy":"product_brand","embeddable":true,"href":"https:\/\/arqitecture.fr\/en\/wp-json\/wp\/v2\/product_brand?post=14087"},{"taxonomy":"product_cat","embeddable":true,"href":"https:\/\/arqitecture.fr\/en\/wp-json\/wp\/v2\/product_cat?post=14087"},{"taxonomy":"product_tag","embeddable":true,"href":"https:\/\/arqitecture.fr\/en\/wp-json\/wp\/v2\/product_tag?post=14087"}],"curies":[{"name":"wp","href":"https:\/\/api.w.org\/{rel}","templated":true}]}}