{"id":14081,"date":"2023-12-14T18:06:53","date_gmt":"2023-12-14T17:06:53","guid":{"rendered":"https:\/\/site-test.jd-web-et-design.fr\/produit\/flotteur-peche-decoration-bleu-corde\/"},"modified":"2024-10-28T12:27:56","modified_gmt":"2024-10-28T11:27:56","slug":"flotteur-peche-decoration-bleu-corde","status":"publish","type":"product","link":"https:\/\/arqitecture.fr\/en\/product\/flotteur-peche-decoration-bleu-corde\/","title":{"rendered":"Flotteur p\u00eache bleu, Verre"},"content":{"rendered":"<p>\u25ba Il fera le plus bel effet \u263c \u00e0 m\u00eame le sol ou suspendu<\/p>\n<p>\u25ba Pour une touche bord de mer\u00a0et authentique.<\/p>\n<p>\u25ba D\u00e9coration d&rsquo;entr\u00e9e, de salle de bains ou salon<\/p>\n<p>\u25ba Cadeau de remerciement, de mariage, f\u00eate des m\u00e8res, pendaison de cr\u00e9maill\u00e8re, pour une invitation \u00e0 diner ou une Saint Valentin<\/p>","protected":false},"excerpt":{"rendered":"<p>Flotteur de p\u00eache bleu en verre et son filet de p\u00eache.<\/p>\n<p>Accessoire de d\u00e9coration \u00e0 poser ou suspendre.<\/p>\n<p>Donnera un air de vacances \u00e0 votre d\u00e9co.<\/p>\n<p>Diameter 19 cm<\/p>","protected":false},"featured_media":17003,"template":"","meta":{"_et_pb_use_builder":"","_et_pb_old_content":"","_et_gb_content_width":""},"product_brand":[],"product_cat":[7414,7406],"product_tag":[8513,7992,8558,8559],"class_list":{"0":"post-14081","1":"product","2":"type-product","3":"status-publish","4":"has-post-thumbnail","6":"product_cat-deco-eau","7":"product_cat-tous-les-produits","8":"product_tag-bleu","9":"product_tag-decoration","10":"product_tag-flotteur","11":"product_tag-peche","12":"pa_diametre-19cm","14":"first","15":"instock","16":"taxable","17":"shipping-taxable","18":"purchasable","19":"product-type-simple"},"aioseo_notices":[],"_links":{"self":[{"href":"https:\/\/arqitecture.fr\/en\/wp-json\/wp\/v2\/product\/14081","targetHints":{"allow":["GET"]}}],"collection":[{"href":"https:\/\/arqitecture.fr\/en\/wp-json\/wp\/v2\/product"}],"about":[{"href":"https:\/\/arqitecture.fr\/en\/wp-json\/wp\/v2\/types\/product"}],"wp:featuredmedia":[{"embeddable":true,"href":"https:\/\/arqitecture.fr\/en\/wp-json\/wp\/v2\/media\/17003"}],"wp:attachment":[{"href":"https:\/\/arqitecture.fr\/en\/wp-json\/wp\/v2\/media?parent=14081"}],"wp:term":[{"taxonomy":"product_brand","embeddable":true,"href":"https:\/\/arqitecture.fr\/en\/wp-json\/wp\/v2\/product_brand?post=14081"},{"taxonomy":"product_cat","embeddable":true,"href":"https:\/\/arqitecture.fr\/en\/wp-json\/wp\/v2\/product_cat?post=14081"},{"taxonomy":"product_tag","embeddable":true,"href":"https:\/\/arqitecture.fr\/en\/wp-json\/wp\/v2\/product_tag?post=14081"}],"curies":[{"name":"wp","href":"https:\/\/api.w.org\/{rel}","templated":true}]}}