{"id":14067,"date":"2024-04-07T17:00:49","date_gmt":"2024-04-07T15:00:49","guid":{"rendered":"https:\/\/site-test.jd-web-et-design.fr\/produit\/miroir-rond-design\/"},"modified":"2024-10-31T10:33:25","modified_gmt":"2024-10-31T09:33:25","slug":"miroir-rond-55cm-design-metal","status":"publish","type":"product","link":"https:\/\/arqitecture.fr\/en\/product\/miroir-rond-55cm-design-metal\/","title":{"rendered":"Miroir rond 55cm, Design m\u00e9tal"},"content":{"rendered":"<p>\u25ba It will attract all eyes<\/p>\n<p>\u25ba Ajoutera de la lumi\u00e8re, de l&rsquo;espace et du volume<\/p>\n<p>\u25ba Style moderne et industriel<\/p>\n<p>\u25ba D\u00e9coration de salon, bureau ou de couloir<\/p>\n<p>\u25ba Id\u00e9e cadeau-d\u00e9co pour mariage, anniversaire ou cr\u00e9maill\u00e8re<\/p>\n<p>\u25ba Pour agr\u00e9menter la d\u00e9coration d&rsquo;un bar, caf\u00e9, h\u00f4tel\u2026<\/p>","protected":false},"excerpt":{"rendered":"<p>Miroir avec une structure arrondie en m\u00e9tal brut noir.<\/p>\n<p>V\u00e9ritable miroir en verre.<\/p>\n<p>Fixation facile.<\/p>\n<p>Qualit\u00e9 et solidit\u00e9.<\/p>\n<p>Black aluminum<\/p>","protected":false},"featured_media":14066,"template":"","meta":{"_et_pb_use_builder":"","_et_pb_old_content":"","_et_gb_content_width":""},"product_brand":[],"product_cat":[7411,7406],"product_tag":[],"class_list":{"0":"post-14067","1":"product","2":"type-product","3":"status-publish","4":"has-post-thumbnail","6":"product_cat-deco-metal","7":"product_cat-tous-les-produits","8":"pa_diametre-55cm","10":"first","11":"instock","12":"taxable","13":"shipping-taxable","14":"purchasable","15":"product-type-simple"},"aioseo_notices":[],"_links":{"self":[{"href":"https:\/\/arqitecture.fr\/en\/wp-json\/wp\/v2\/product\/14067","targetHints":{"allow":["GET"]}}],"collection":[{"href":"https:\/\/arqitecture.fr\/en\/wp-json\/wp\/v2\/product"}],"about":[{"href":"https:\/\/arqitecture.fr\/en\/wp-json\/wp\/v2\/types\/product"}],"wp:featuredmedia":[{"embeddable":true,"href":"https:\/\/arqitecture.fr\/en\/wp-json\/wp\/v2\/media\/14066"}],"wp:attachment":[{"href":"https:\/\/arqitecture.fr\/en\/wp-json\/wp\/v2\/media?parent=14067"}],"wp:term":[{"taxonomy":"product_brand","embeddable":true,"href":"https:\/\/arqitecture.fr\/en\/wp-json\/wp\/v2\/product_brand?post=14067"},{"taxonomy":"product_cat","embeddable":true,"href":"https:\/\/arqitecture.fr\/en\/wp-json\/wp\/v2\/product_cat?post=14067"},{"taxonomy":"product_tag","embeddable":true,"href":"https:\/\/arqitecture.fr\/en\/wp-json\/wp\/v2\/product_tag?post=14067"}],"curies":[{"name":"wp","href":"https:\/\/api.w.org\/{rel}","templated":true}]}}