{"id":14045,"date":"2024-06-17T18:23:19","date_gmt":"2024-06-17T16:23:19","guid":{"rendered":"https:\/\/site-test.jd-web-et-design.fr\/produit\/lanterne-feu-bougie-metal-aluminium-noir\/"},"modified":"2024-10-30T15:52:01","modified_gmt":"2024-10-30T14:52:01","slug":"lanterne-feu-bougie-metal-aluminium-noir","status":"publish","type":"product","link":"https:\/\/arqitecture.fr\/en\/product\/lanterne-feu-bougie-metal-aluminium-noir\/","title":{"rendered":"Lanterne H23cm, Design M\u00e9tal"},"content":{"rendered":"<p>\u25ba Elle fera le plus bel effet \u263c sur une commode ou buffet<\/p>\n<p>\u25ba Ambiance chaleureuse et industrielle<\/p>\n<p>\u25ba D\u00e9coration d&rsquo;entr\u00e9e, de cuisine, de bureau ou de salon<\/p>\n<p>\u25ba Cadeau de remerciement, de mariage, f\u00eate des m\u00e8res, pendaison de cr\u00e9maill\u00e8re, pour une invitation \u00e0 diner ou une St Valentin<\/p>","protected":false},"excerpt":{"rendered":"<p>Lanterne au design contemporain pour les soir\u00e9es festives en terrasse, \u00e0 poser ou \u00e0 suspendre.<\/p>\n<p>Une porte s&rsquo;ouvre pour y faire entrer une bougie.<\/p>\n<p>Id\u00e9al pour cr\u00e9er une atmosph\u00e8re tamis\u00e9e et chaleureuse.<\/p>\n<p>Black aluminum and 4 glass sides.<\/p>\n<p>H 23 cm<\/p>","protected":false},"featured_media":17257,"template":"","meta":{"_et_pb_use_builder":"","_et_pb_old_content":"","_et_gb_content_width":""},"product_brand":[],"product_cat":[7412,7411,7406],"product_tag":[8010,7995,8195,8044,7999,8041,8181],"class_list":{"0":"post-14045","1":"product","2":"type-product","3":"status-publish","4":"has-post-thumbnail","6":"product_cat-deco-feu","7":"product_cat-deco-metal","8":"product_cat-tous-les-produits","9":"product_tag-aluminium","10":"product_tag-deco","11":"product_tag-ete","12":"product_tag-lanterne","13":"product_tag-metal","14":"product_tag-terrasse","15":"product_tag-verre","16":"pa_hauteur-23cm","17":"pa_longueur-16cm","19":"first","20":"instock","21":"taxable","22":"shipping-taxable","23":"purchasable","24":"product-type-simple"},"aioseo_notices":[],"_links":{"self":[{"href":"https:\/\/arqitecture.fr\/en\/wp-json\/wp\/v2\/product\/14045","targetHints":{"allow":["GET"]}}],"collection":[{"href":"https:\/\/arqitecture.fr\/en\/wp-json\/wp\/v2\/product"}],"about":[{"href":"https:\/\/arqitecture.fr\/en\/wp-json\/wp\/v2\/types\/product"}],"wp:featuredmedia":[{"embeddable":true,"href":"https:\/\/arqitecture.fr\/en\/wp-json\/wp\/v2\/media\/17257"}],"wp:attachment":[{"href":"https:\/\/arqitecture.fr\/en\/wp-json\/wp\/v2\/media?parent=14045"}],"wp:term":[{"taxonomy":"product_brand","embeddable":true,"href":"https:\/\/arqitecture.fr\/en\/wp-json\/wp\/v2\/product_brand?post=14045"},{"taxonomy":"product_cat","embeddable":true,"href":"https:\/\/arqitecture.fr\/en\/wp-json\/wp\/v2\/product_cat?post=14045"},{"taxonomy":"product_tag","embeddable":true,"href":"https:\/\/arqitecture.fr\/en\/wp-json\/wp\/v2\/product_tag?post=14045"}],"curies":[{"name":"wp","href":"https:\/\/api.w.org\/{rel}","templated":true}]}}