{"id":14015,"date":"2024-04-08T18:42:29","date_gmt":"2024-04-08T16:42:29","guid":{"rendered":"https:\/\/site-test.jd-web-et-design.fr\/produit\/vase-opaque-verre-violet-fleurs\/"},"modified":"2024-10-25T18:55:17","modified_gmt":"2024-10-25T16:55:17","slug":"vase-opaque-verre-violet-fleurs","status":"publish","type":"product","link":"https:\/\/arqitecture.fr\/en\/product\/vase-opaque-verre-violet-fleurs\/","title":{"rendered":"Vase Violet opaque H20cm, Verre"},"content":{"rendered":"<p>\u25ba Il fera le plus bel effet \u263c sur un bureau, une table ou une commode<\/p>\n<p>\u25ba Pour une atmosph\u00e8re hypnotique<\/p>\n<p>\u25ba D\u00e9coration d&rsquo;entr\u00e9e, de bureau, cuisine, salle \u00e0 manger ou de salon<\/p>\n<p>\u25ba Cadeau de remerciement, de mariage, f\u00eate des m\u00e8res, pendaison de cr\u00e9maill\u00e8re, pour une invitation \u00e0 diner ou une St Valentin<\/p>\n<p>\u25ba Pour agr\u00e9menter une d\u00e9coration de mariage<\/p>","protected":false},"excerpt":{"rendered":"<p>Highlight your flowers with this decorative vase in thick opaque purple glass.<\/p>\n<p>Couleur: violet fonc\u00e9<\/p>\n<p>H 20 cm, diameter 10 cm<\/p>","protected":false},"featured_media":16936,"template":"","meta":{"_et_pb_use_builder":"","_et_pb_old_content":"","_et_gb_content_width":""},"product_brand":[],"product_cat":[7413,7414,7406],"product_tag":[],"class_list":{"0":"post-14015","1":"product","2":"type-product","3":"status-publish","4":"has-post-thumbnail","6":"product_cat-deco-bois","7":"product_cat-deco-eau","8":"product_cat-tous-les-produits","10":"first","11":"instock","12":"taxable","13":"shipping-taxable","14":"purchasable","15":"product-type-simple"},"aioseo_notices":[],"_links":{"self":[{"href":"https:\/\/arqitecture.fr\/en\/wp-json\/wp\/v2\/product\/14015","targetHints":{"allow":["GET"]}}],"collection":[{"href":"https:\/\/arqitecture.fr\/en\/wp-json\/wp\/v2\/product"}],"about":[{"href":"https:\/\/arqitecture.fr\/en\/wp-json\/wp\/v2\/types\/product"}],"wp:featuredmedia":[{"embeddable":true,"href":"https:\/\/arqitecture.fr\/en\/wp-json\/wp\/v2\/media\/16936"}],"wp:attachment":[{"href":"https:\/\/arqitecture.fr\/en\/wp-json\/wp\/v2\/media?parent=14015"}],"wp:term":[{"taxonomy":"product_brand","embeddable":true,"href":"https:\/\/arqitecture.fr\/en\/wp-json\/wp\/v2\/product_brand?post=14015"},{"taxonomy":"product_cat","embeddable":true,"href":"https:\/\/arqitecture.fr\/en\/wp-json\/wp\/v2\/product_cat?post=14015"},{"taxonomy":"product_tag","embeddable":true,"href":"https:\/\/arqitecture.fr\/en\/wp-json\/wp\/v2\/product_tag?post=14015"}],"curies":[{"name":"wp","href":"https:\/\/api.w.org\/{rel}","templated":true}]}}