{"id":13993,"date":"2024-05-06T18:05:19","date_gmt":"2024-05-06T16:05:19","guid":{"rendered":"https:\/\/site-test.jd-web-et-design.fr\/produit\/bambou-miel-decoration-canne\/"},"modified":"2024-10-30T15:54:00","modified_gmt":"2024-10-30T14:54:00","slug":"bambou-miel-decoration-canne","status":"publish","type":"product","link":"https:\/\/arqitecture.fr\/en\/product\/bambou-miel-decoration-canne\/","title":{"rendered":"Canne 2m, Bambou nature"},"content":{"rendered":"<p>\u25ba Elle fera le plus bel effet \u263c dans un angle<\/p>\n<p>\u25ba Ambiance nature<\/p>\n<p>\u25ba D\u00e9coration d&rsquo;entr\u00e9e, de cuisine, de bureau ou de salon<\/p>\n<p>\u25ba Cadeau de remerciement, de mariage, f\u00eate des m\u00e8res, pendaison de cr\u00e9maill\u00e8re ou pour une invitation \u00e0 diner<\/p>","protected":false},"excerpt":{"rendered":"<p>Grande canne de bambou naturelle<\/p>\n<p>Honey color<\/p>\n<p>H 200 cm, diam 3 cm<\/p>\n<p>Vendu \u00e0 l&rsquo;unit\u00e9<\/p>","protected":false},"featured_media":13992,"template":"","meta":{"_et_pb_use_builder":"","_et_pb_old_content":"","_et_gb_content_width":""},"product_brand":[],"product_cat":[7413,7406],"product_tag":[8219,8046,8549,7995],"class_list":{"0":"post-13993","1":"product","2":"type-product","3":"status-publish","4":"has-post-thumbnail","6":"product_cat-deco-bois","7":"product_cat-tous-les-produits","8":"product_tag-bambou","9":"product_tag-bois","10":"product_tag-canne","11":"product_tag-deco","13":"first","14":"instock","15":"taxable","16":"shipping-taxable","17":"purchasable","18":"product-type-simple"},"aioseo_notices":[],"_links":{"self":[{"href":"https:\/\/arqitecture.fr\/en\/wp-json\/wp\/v2\/product\/13993","targetHints":{"allow":["GET"]}}],"collection":[{"href":"https:\/\/arqitecture.fr\/en\/wp-json\/wp\/v2\/product"}],"about":[{"href":"https:\/\/arqitecture.fr\/en\/wp-json\/wp\/v2\/types\/product"}],"wp:featuredmedia":[{"embeddable":true,"href":"https:\/\/arqitecture.fr\/en\/wp-json\/wp\/v2\/media\/13992"}],"wp:attachment":[{"href":"https:\/\/arqitecture.fr\/en\/wp-json\/wp\/v2\/media?parent=13993"}],"wp:term":[{"taxonomy":"product_brand","embeddable":true,"href":"https:\/\/arqitecture.fr\/en\/wp-json\/wp\/v2\/product_brand?post=13993"},{"taxonomy":"product_cat","embeddable":true,"href":"https:\/\/arqitecture.fr\/en\/wp-json\/wp\/v2\/product_cat?post=13993"},{"taxonomy":"product_tag","embeddable":true,"href":"https:\/\/arqitecture.fr\/en\/wp-json\/wp\/v2\/product_tag?post=13993"}],"curies":[{"name":"wp","href":"https:\/\/api.w.org\/{rel}","templated":true}]}}