{"id":13987,"date":"2024-04-15T21:20:37","date_gmt":"2024-04-15T19:20:37","guid":{"rendered":"https:\/\/site-test.jd-web-et-design.fr\/produit\/bouclier-sculpture-acier-shields\/"},"modified":"2024-09-16T14:12:48","modified_gmt":"2024-09-16T12:12:48","slug":"bouclier-sculpture-acier-shields","status":"publish","type":"product","link":"https:\/\/arqitecture.fr\/en\/product\/bouclier-sculpture-acier-shields\/","title":{"rendered":"Shield steel sculpture, art design"},"content":{"rendered":"<p>\u25ba \u263c Fera le plus bel effet sur une console ou une colonne<\/p>\n<p>\u25ba Apporte une allure moderne \u00e0 votre d\u00e9coration d\u2019int\u00e9rieur<\/p>\n<p>\u25ba Ambiance inspiratrice et dynamique<\/p>\n<p>\u25ba D\u00e9coration de bureau, salon ou entr\u00e9e<\/p>\n<p>\u25ba Ideal gift for art lovers<\/p>\n<p>\u25ba Cadeau de mariage, de promotion, de cr\u00e9maill\u00e8re ou d\u00e9part en retraite<\/p>","protected":false},"excerpt":{"rendered":"<p>Sa brillance lui donne un aspect \u00e9l\u00e9gant et renvoie la lumi\u00e8re.<\/p>\n<p>Pour une ambiance disciplin\u00e9e et habiller instantan\u00e9ment un espace.<\/p>\n<p>En acier inoxydable tr\u00e8s travaill\u00e9.<\/p>\n<p>\u0153uvre d&rsquo;art sign\u00e9e<\/p>\n<p>36 x 10 x 30 cm<\/p>","protected":false},"featured_media":19524,"template":"","meta":{"_et_pb_use_builder":"","_et_pb_old_content":"","_et_gb_content_width":""},"product_brand":[],"product_cat":[7411,7406],"product_tag":[8094,8271,8756,8728,8776,8064,8325,8764,7995,7992,8227,8791,8470,7994,8774,8755,7999,8352,8762,8792,8775,8787,8000,8024],"class_list":{"0":"post-13987","1":"product","2":"type-product","3":"status-publish","4":"has-post-thumbnail","6":"product_cat-deco-metal","7":"product_cat-tous-les-produits","8":"product_tag-acier","9":"product_tag-ambiance","10":"product_tag-apaisant","11":"product_tag-art","12":"product_tag-bars","13":"product_tag-cadeau","14":"product_tag-calme","15":"product_tag-chaleureux","16":"product_tag-deco","17":"product_tag-decoration","18":"product_tag-design","19":"product_tag-detente","20":"product_tag-dynamique","21":"product_tag-feng-shui","22":"product_tag-hotels","23":"product_tag-luminosite","24":"product_tag-metal","25":"product_tag-nature","26":"product_tag-oeuvre","27":"product_tag-repos","28":"product_tag-restaurants","29":"product_tag-salle-dattente","30":"product_tag-sculpture","31":"product_tag-zen","33":"first","34":"instock","35":"sale","36":"taxable","37":"shipping-taxable","38":"purchasable","39":"product-type-simple"},"aioseo_notices":[],"_links":{"self":[{"href":"https:\/\/arqitecture.fr\/en\/wp-json\/wp\/v2\/product\/13987","targetHints":{"allow":["GET"]}}],"collection":[{"href":"https:\/\/arqitecture.fr\/en\/wp-json\/wp\/v2\/product"}],"about":[{"href":"https:\/\/arqitecture.fr\/en\/wp-json\/wp\/v2\/types\/product"}],"wp:featuredmedia":[{"embeddable":true,"href":"https:\/\/arqitecture.fr\/en\/wp-json\/wp\/v2\/media\/19524"}],"wp:attachment":[{"href":"https:\/\/arqitecture.fr\/en\/wp-json\/wp\/v2\/media?parent=13987"}],"wp:term":[{"taxonomy":"product_brand","embeddable":true,"href":"https:\/\/arqitecture.fr\/en\/wp-json\/wp\/v2\/product_brand?post=13987"},{"taxonomy":"product_cat","embeddable":true,"href":"https:\/\/arqitecture.fr\/en\/wp-json\/wp\/v2\/product_cat?post=13987"},{"taxonomy":"product_tag","embeddable":true,"href":"https:\/\/arqitecture.fr\/en\/wp-json\/wp\/v2\/product_tag?post=13987"}],"curies":[{"name":"wp","href":"https:\/\/api.w.org\/{rel}","templated":true}]}}