{"id":13980,"date":"2024-04-17T20:22:34","date_gmt":"2024-04-17T18:22:34","guid":{"rendered":"https:\/\/site-test.jd-web-et-design.fr\/produit\/table-metal-carree-design-brut\/"},"modified":"2024-10-31T17:24:10","modified_gmt":"2024-10-31T16:24:10","slug":"table-metal-carree-design-brut","status":"publish","type":"product","link":"https:\/\/arqitecture.fr\/en\/product\/table-metal-carree-design-brut\/","title":{"rendered":"Meuble Table H50cm, Design m\u00e9tal"},"content":{"rendered":"<p>\u25ba Apporte une rigueur et \u00e9l\u00e9gance \u00e0 votre int\u00e9rieur<\/p>\n<p>\u25ba Style industriel<\/p>\n<p>\u25ba Mobilier d&rsquo;entr\u00e9e, de salon, bureau ou h\u00f4tels<\/p>\n<p>\u25ba Id\u00e9e cadeau-d\u00e9co pour mariage, anniversaire ou cr\u00e9maill\u00e8re<\/p>","protected":false},"excerpt":{"rendered":"<p>Designer square black table, to combine as you wish with its raw metal side table (photo 4).<\/p>\n<p>Raw metal, aged material with natural rust appearance.<\/p>\n<p>Si besoin pour enlever les traces de rouilles : citron + bicarbonate ou sel<\/p>\n<p>H 50 cm<\/p>","protected":false},"featured_media":17716,"template":"","meta":{"_et_pb_use_builder":"","_et_pb_old_content":"","_et_gb_content_width":""},"product_brand":[],"product_cat":[7411,7406],"product_tag":[8425,8545,7995,8227,7999,8424,8423],"class_list":{"0":"post-13980","1":"product","2":"type-product","3":"status-publish","4":"has-post-thumbnail","6":"product_cat-deco-metal","7":"product_cat-tous-les-produits","8":"product_tag-bas","9":"product_tag-carree","10":"product_tag-deco","11":"product_tag-design","12":"product_tag-metal","13":"product_tag-meuble","14":"product_tag-tabouret","15":"pa_hauteur-50cm","16":"pa_largeur-50cm","17":"pa_longueur-50cm","19":"first","20":"instock","21":"taxable","22":"shipping-taxable","23":"purchasable","24":"product-type-simple"},"aioseo_notices":[],"_links":{"self":[{"href":"https:\/\/arqitecture.fr\/en\/wp-json\/wp\/v2\/product\/13980","targetHints":{"allow":["GET"]}}],"collection":[{"href":"https:\/\/arqitecture.fr\/en\/wp-json\/wp\/v2\/product"}],"about":[{"href":"https:\/\/arqitecture.fr\/en\/wp-json\/wp\/v2\/types\/product"}],"wp:featuredmedia":[{"embeddable":true,"href":"https:\/\/arqitecture.fr\/en\/wp-json\/wp\/v2\/media\/17716"}],"wp:attachment":[{"href":"https:\/\/arqitecture.fr\/en\/wp-json\/wp\/v2\/media?parent=13980"}],"wp:term":[{"taxonomy":"product_brand","embeddable":true,"href":"https:\/\/arqitecture.fr\/en\/wp-json\/wp\/v2\/product_brand?post=13980"},{"taxonomy":"product_cat","embeddable":true,"href":"https:\/\/arqitecture.fr\/en\/wp-json\/wp\/v2\/product_cat?post=13980"},{"taxonomy":"product_tag","embeddable":true,"href":"https:\/\/arqitecture.fr\/en\/wp-json\/wp\/v2\/product_tag?post=13980"}],"curies":[{"name":"wp","href":"https:\/\/api.w.org\/{rel}","templated":true}]}}