{"id":13975,"date":"2024-04-17T20:05:52","date_gmt":"2024-04-17T18:05:52","guid":{"rendered":"https:\/\/site-test.jd-web-et-design.fr\/produit\/table-metal-carree\/"},"modified":"2024-10-31T15:10:58","modified_gmt":"2024-10-31T14:10:58","slug":"table-metal-carree","status":"publish","type":"product","link":"https:\/\/arqitecture.fr\/en\/product\/table-metal-carree\/","title":{"rendered":"Meuble Table carr\u00e9e H40cm, Design m\u00e9tal"},"content":{"rendered":"<p>\u25ba Apporte une rigueur et \u00e9l\u00e9gance \u00e0 votre int\u00e9rieur<\/p>\n<p>\u25ba Ambiance industrielle<\/p>\n<p>\u25ba Mobilier d&rsquo;entr\u00e9e, de salon, bureau ou h\u00f4tels<\/p>\n<p>\u25ba Id\u00e9e cadeau-d\u00e9co pour mariage, anniversaire ou cr\u00e9maill\u00e8re<\/p>","protected":false},"excerpt":{"rendered":"<p>Raw metal, aged material with natural rust appearance.<\/p>\n<p>Si besoin pour enlever les traces de rouilles : citron + bicarbonate ou sel<\/p>\n<p>35 x 35 x H 40 cm<\/p>","protected":false},"featured_media":17714,"template":"","meta":{"_et_pb_use_builder":"","_et_pb_old_content":"","_et_gb_content_width":""},"product_brand":[],"product_cat":[7411,7406],"product_tag":[8545,7999,8100],"class_list":{"0":"post-13975","1":"product","2":"type-product","3":"status-publish","4":"has-post-thumbnail","6":"product_cat-deco-metal","7":"product_cat-tous-les-produits","8":"product_tag-carree","9":"product_tag-metal","10":"product_tag-table","12":"first","13":"instock","14":"taxable","15":"shipping-taxable","16":"purchasable","17":"product-type-simple"},"aioseo_notices":[],"_links":{"self":[{"href":"https:\/\/arqitecture.fr\/en\/wp-json\/wp\/v2\/product\/13975","targetHints":{"allow":["GET"]}}],"collection":[{"href":"https:\/\/arqitecture.fr\/en\/wp-json\/wp\/v2\/product"}],"about":[{"href":"https:\/\/arqitecture.fr\/en\/wp-json\/wp\/v2\/types\/product"}],"wp:featuredmedia":[{"embeddable":true,"href":"https:\/\/arqitecture.fr\/en\/wp-json\/wp\/v2\/media\/17714"}],"wp:attachment":[{"href":"https:\/\/arqitecture.fr\/en\/wp-json\/wp\/v2\/media?parent=13975"}],"wp:term":[{"taxonomy":"product_brand","embeddable":true,"href":"https:\/\/arqitecture.fr\/en\/wp-json\/wp\/v2\/product_brand?post=13975"},{"taxonomy":"product_cat","embeddable":true,"href":"https:\/\/arqitecture.fr\/en\/wp-json\/wp\/v2\/product_cat?post=13975"},{"taxonomy":"product_tag","embeddable":true,"href":"https:\/\/arqitecture.fr\/en\/wp-json\/wp\/v2\/product_tag?post=13975"}],"curies":[{"name":"wp","href":"https:\/\/api.w.org\/{rel}","templated":true}]}}