{"id":13971,"date":"2024-04-17T19:30:16","date_gmt":"2024-04-17T17:30:16","guid":{"rendered":"https:\/\/site-test.jd-web-et-design.fr\/produit\/table-metal-carree-appoint-design\/"},"modified":"2024-10-31T15:11:01","modified_gmt":"2024-10-31T14:11:01","slug":"table-metal-carree-appoint-design","status":"publish","type":"product","link":"https:\/\/arqitecture.fr\/en\/product\/table-metal-carree-appoint-design\/","title":{"rendered":"Furniture Side table H 40 cm, Metal design"},"content":{"rendered":"<p>\u25ba Apporte une rigueur et \u00e9l\u00e9gance \u00e0 votre int\u00e9rieur<\/p>\n<p>\u25ba Ambiance industrielle<\/p>\n<p>\u25ba Mobilier d&rsquo;entr\u00e9e, de salon, bureau ou h\u00f4tels<\/p>\n<p>\u25ba Id\u00e9e cadeau-d\u00e9co pour mariage, anniversaire ou cr\u00e9maill\u00e8re<\/p>","protected":false},"excerpt":{"rendered":"<p>Square side table with two fixed tops, it will find its place at the end of a sofa or bedside table.<\/p>\n<p>Raw, heavy metal<\/p>\n<p>Aged material, natural rust<\/p>\n<p>Si besoin pour enlever les traces de rouilles : citron + bicarbonate ou sel<\/p>\n<p>H 40 cm<\/p>\n<p>French made<\/p>","protected":false},"featured_media":17748,"template":"","meta":{"_et_pb_use_builder":"","_et_pb_old_content":"","_et_gb_content_width":""},"product_brand":[],"product_cat":[7411],"product_tag":[8546,8545,8227,7999,8547,8100],"class_list":{"0":"post-13971","1":"product","2":"type-product","3":"status-publish","4":"has-post-thumbnail","6":"product_cat-deco-metal","7":"product_tag-appoint","8":"product_tag-carree","9":"product_tag-design","10":"product_tag-metal","11":"product_tag-plateau","12":"product_tag-table","13":"pa_hauteur-40cm","14":"pa_largeur-40cm","15":"pa_longueur-40cm","17":"first","18":"instock","19":"taxable","20":"shipping-taxable","21":"purchasable","22":"product-type-simple"},"aioseo_notices":[],"_links":{"self":[{"href":"https:\/\/arqitecture.fr\/en\/wp-json\/wp\/v2\/product\/13971","targetHints":{"allow":["GET"]}}],"collection":[{"href":"https:\/\/arqitecture.fr\/en\/wp-json\/wp\/v2\/product"}],"about":[{"href":"https:\/\/arqitecture.fr\/en\/wp-json\/wp\/v2\/types\/product"}],"wp:featuredmedia":[{"embeddable":true,"href":"https:\/\/arqitecture.fr\/en\/wp-json\/wp\/v2\/media\/17748"}],"wp:attachment":[{"href":"https:\/\/arqitecture.fr\/en\/wp-json\/wp\/v2\/media?parent=13971"}],"wp:term":[{"taxonomy":"product_brand","embeddable":true,"href":"https:\/\/arqitecture.fr\/en\/wp-json\/wp\/v2\/product_brand?post=13971"},{"taxonomy":"product_cat","embeddable":true,"href":"https:\/\/arqitecture.fr\/en\/wp-json\/wp\/v2\/product_cat?post=13971"},{"taxonomy":"product_tag","embeddable":true,"href":"https:\/\/arqitecture.fr\/en\/wp-json\/wp\/v2\/product_tag?post=13971"}],"curies":[{"name":"wp","href":"https:\/\/api.w.org\/{rel}","templated":true}]}}