{"id":13917,"date":"2024-06-11T11:38:40","date_gmt":"2024-06-11T09:38:40","guid":{"rendered":"https:\/\/site-test.jd-web-et-design.fr\/produit\/bougeoir-flamme-sculpture-decoration-deco-maison-table\/"},"modified":"2024-10-31T14:58:33","modified_gmt":"2024-10-31T13:58:33","slug":"bougeoir-flamme-sculpture-decoration-deco-maison-table","status":"publish","type":"product","link":"https:\/\/arqitecture.fr\/en\/product\/bougeoir-flamme-sculpture-decoration-deco-maison-table\/","title":{"rendered":"Sculpture bougeoir Flamme H36cm, Design M\u00e9tal"},"content":{"rendered":"<p>\u25ba It will attract all eyes<\/p>\n<p>\u25ba Ajoutera de la hauteur et de la clart\u00e9 \u00e0 votre int\u00e9rieur<\/p>\n<p>\u25ba Modern and minimalist style<\/p>\n<p>\u25ba D\u00e9coration de salon ou de bureau<\/p>\n<p>\u25ba Id\u00e9e cadeau-d\u00e9co pour mariage, anniversaire ou cr\u00e9maill\u00e8re<\/p>\n<p>\u25ba Pour agr\u00e9menter la d\u00e9coration d&rsquo;un bar, caf\u00e9, h\u00f4tel\u2026<\/p>","protected":false},"excerpt":{"rendered":"<p>Profitez de la douceur de la lumi\u00e8re de la flamme avec ce magnifique bougeoir sculpture en aluminium.<\/p>\n<p>Superbe \u00e9l\u00e9ment design, \u00e9l\u00e9gant et romantique pour des soir\u00e9es \u00e9blouissantes.<\/p>\n<p>H 36 cm<\/p>","protected":false},"featured_media":16772,"template":"","meta":{"_et_pb_use_builder":"","_et_pb_old_content":"","_et_gb_content_width":""},"product_brand":[],"product_cat":[7412,7411,7406],"product_tag":[8010,8271,8193,8728,8211,8031,8064,8325,8764,7995,7992,8227,8791,8470,7994,8261,8774,8755,7999,8352,8792,8775,8000,8024],"class_list":{"0":"post-13917","1":"product","2":"type-product","3":"status-publish","4":"has-post-thumbnail","6":"product_cat-deco-feu","7":"product_cat-deco-metal","8":"product_cat-tous-les-produits","9":"product_tag-aluminium","10":"product_tag-ambiance","11":"product_tag-argent","12":"product_tag-art","13":"product_tag-bougeoir","14":"product_tag-bougie","15":"product_tag-cadeau","16":"product_tag-calme","17":"product_tag-chaleureux","18":"product_tag-deco","19":"product_tag-decoration","20":"product_tag-design","21":"product_tag-detente","22":"product_tag-dynamique","23":"product_tag-feng-shui","24":"product_tag-flamme","25":"product_tag-hotels","26":"product_tag-luminosite","27":"product_tag-metal","28":"product_tag-nature","29":"product_tag-repos","30":"product_tag-restaurants","31":"product_tag-sculpture","32":"product_tag-zen","34":"first","35":"instock","36":"taxable","37":"shipping-taxable","38":"purchasable","39":"product-type-simple"},"aioseo_notices":[],"_links":{"self":[{"href":"https:\/\/arqitecture.fr\/en\/wp-json\/wp\/v2\/product\/13917","targetHints":{"allow":["GET"]}}],"collection":[{"href":"https:\/\/arqitecture.fr\/en\/wp-json\/wp\/v2\/product"}],"about":[{"href":"https:\/\/arqitecture.fr\/en\/wp-json\/wp\/v2\/types\/product"}],"wp:featuredmedia":[{"embeddable":true,"href":"https:\/\/arqitecture.fr\/en\/wp-json\/wp\/v2\/media\/16772"}],"wp:attachment":[{"href":"https:\/\/arqitecture.fr\/en\/wp-json\/wp\/v2\/media?parent=13917"}],"wp:term":[{"taxonomy":"product_brand","embeddable":true,"href":"https:\/\/arqitecture.fr\/en\/wp-json\/wp\/v2\/product_brand?post=13917"},{"taxonomy":"product_cat","embeddable":true,"href":"https:\/\/arqitecture.fr\/en\/wp-json\/wp\/v2\/product_cat?post=13917"},{"taxonomy":"product_tag","embeddable":true,"href":"https:\/\/arqitecture.fr\/en\/wp-json\/wp\/v2\/product_tag?post=13917"}],"curies":[{"name":"wp","href":"https:\/\/api.w.org\/{rel}","templated":true}]}}