{"id":13851,"date":"2024-04-05T17:26:05","date_gmt":"2024-04-05T15:26:05","guid":{"rendered":"https:\/\/site-test.jd-web-et-design.fr\/produit\/bougeoirs-entremele-acier-innoxydable-dore\/"},"modified":"2024-10-31T09:45:02","modified_gmt":"2024-10-31T08:45:02","slug":"bougeoirs-entremele-acier-innoxydable-dore","status":"publish","type":"product","link":"https:\/\/arqitecture.fr\/en\/product\/bougeoirs-entremele-acier-innoxydable-dore\/","title":{"rendered":"Chandelier, 3 bougeoirs entrem\u00eal\u00e9 H18cm, Design m\u00e9tal or"},"content":{"rendered":"<p>Candles included.<\/p>\n<p>\u25ba It will attract all eyes<\/p>\n<p>\u25ba Ajoutera de la hauteur et de la clart\u00e9 \u00e0 votre int\u00e9rieur<\/p>\n<p>\u25ba Style moderne <\/p>\n<p>\u25ba D\u00e9coration de salon ou de bureau<\/p>\n<p>\u25ba Id\u00e9e cadeau-d\u00e9co pour mariage, anniversaire ou cr\u00e9maill\u00e8re<\/p>\n<p>\u25ba Pour agr\u00e9menter la d\u00e9coration d&rsquo;un bar, caf\u00e9, h\u00f4tel\u2026<\/p>","protected":false},"excerpt":{"rendered":"<p>In stainless steel with a gold finish, these 3 candlesticks are independent but can be intertwined as you wish.<\/p>\n<p>Superbe \u00e9l\u00e9ment d&rsquo;ornementation.<\/p>\n<p>Its very detailed finish will make it a particularly appreciated object on a table on the one hand for the romantic lighting it will offer, but also for its decorative finesse.<\/p>\n<p>A decorative accessory full of charm and also a great decorative gift idea.<\/p>\n<p>H 18 cm<\/p>","protected":false},"featured_media":17098,"template":"","meta":{"_et_pb_use_builder":"","_et_pb_old_content":"","_et_gb_content_width":""},"product_brand":[],"product_cat":[7412,7411,7406],"product_tag":[8526,8525,8212,8416,8384],"class_list":{"0":"post-13851","1":"product","2":"type-product","3":"status-publish","4":"has-post-thumbnail","6":"product_cat-deco-feu","7":"product_cat-deco-metal","8":"product_cat-tous-les-produits","9":"product_tag-acier-inoxydable","10":"product_tag-bougeoirs","11":"product_tag-chandelier","12":"product_tag-dore","13":"product_tag-or","14":"pa_hauteur-18cm","15":"pa_longueur-35cm","17":"first","18":"instock","19":"taxable","20":"shipping-taxable","21":"purchasable","22":"product-type-simple"},"aioseo_notices":[],"_links":{"self":[{"href":"https:\/\/arqitecture.fr\/en\/wp-json\/wp\/v2\/product\/13851","targetHints":{"allow":["GET"]}}],"collection":[{"href":"https:\/\/arqitecture.fr\/en\/wp-json\/wp\/v2\/product"}],"about":[{"href":"https:\/\/arqitecture.fr\/en\/wp-json\/wp\/v2\/types\/product"}],"wp:featuredmedia":[{"embeddable":true,"href":"https:\/\/arqitecture.fr\/en\/wp-json\/wp\/v2\/media\/17098"}],"wp:attachment":[{"href":"https:\/\/arqitecture.fr\/en\/wp-json\/wp\/v2\/media?parent=13851"}],"wp:term":[{"taxonomy":"product_brand","embeddable":true,"href":"https:\/\/arqitecture.fr\/en\/wp-json\/wp\/v2\/product_brand?post=13851"},{"taxonomy":"product_cat","embeddable":true,"href":"https:\/\/arqitecture.fr\/en\/wp-json\/wp\/v2\/product_cat?post=13851"},{"taxonomy":"product_tag","embeddable":true,"href":"https:\/\/arqitecture.fr\/en\/wp-json\/wp\/v2\/product_tag?post=13851"}],"curies":[{"name":"wp","href":"https:\/\/api.w.org\/{rel}","templated":true}]}}