{"id":13840,"date":"2024-04-08T15:37:29","date_gmt":"2024-04-08T13:37:29","guid":{"rendered":"https:\/\/site-test.jd-web-et-design.fr\/produit\/vase-deco-rayure-noires-en-verre-zebre-deco\/"},"modified":"2024-10-25T18:55:20","modified_gmt":"2024-10-25T16:55:20","slug":"vase-deco-rayure-noires-en-verre-zebre-deco","status":"publish","type":"product","link":"https:\/\/arqitecture.fr\/en\/product\/vase-deco-rayure-noires-en-verre-zebre-deco\/","title":{"rendered":"Vase Z\u00e8bre H24cm, Verre"},"content":{"rendered":"<p>\u25ba Il fera le plus bel effet \u263c sur un bureau, une table ou une commode<\/p>\n<p>\u25ba Pour une ambiance safari<\/p>\n<p>\u25ba D\u00e9coration d&rsquo;entr\u00e9e, de bureau, cuisine, salle \u00e0 manger ou de salon<\/p>\n<p>\u25ba Cadeau de remerciement, de mariage, f\u00eate des m\u00e8res, pendaison de cr\u00e9maill\u00e8re, pour une invitation \u00e0 diner ou une St Valentin<\/p>\n<p>\u25ba Pour agr\u00e9menter une d\u00e9coration de mariage<\/p>","protected":false},"excerpt":{"rendered":"<p>Mettez en valeur vos fleurs avec ce vase d\u00e9coratif transparent et ray\u00e9.<\/p>\n<p>Vase d\u00e9coratif pour une ambiance animale.<\/p>\n<p>Zebra glass with vertical black stripes.<\/p>\n<p>H 24 cm<\/p>","protected":false},"featured_media":16934,"template":"","meta":{"_et_pb_use_builder":"","_et_pb_old_content":"","_et_gb_content_width":""},"product_brand":[],"product_cat":[7413,7414,7406],"product_tag":[8523,7995,8266,8181,8522],"class_list":{"0":"post-13840","1":"product","2":"type-product","3":"status-publish","4":"has-post-thumbnail","6":"product_cat-deco-bois","7":"product_cat-deco-eau","8":"product_cat-tous-les-produits","9":"product_tag-animale","10":"product_tag-deco","11":"product_tag-vase","12":"product_tag-verre","13":"product_tag-zebre","14":"pa_hauteur-24cm","15":"pa_largeur-15cm","16":"pa_profondeur-5_5cm","18":"first","19":"instock","20":"taxable","21":"shipping-taxable","22":"purchasable","23":"product-type-simple"},"aioseo_notices":[],"_links":{"self":[{"href":"https:\/\/arqitecture.fr\/en\/wp-json\/wp\/v2\/product\/13840","targetHints":{"allow":["GET"]}}],"collection":[{"href":"https:\/\/arqitecture.fr\/en\/wp-json\/wp\/v2\/product"}],"about":[{"href":"https:\/\/arqitecture.fr\/en\/wp-json\/wp\/v2\/types\/product"}],"wp:featuredmedia":[{"embeddable":true,"href":"https:\/\/arqitecture.fr\/en\/wp-json\/wp\/v2\/media\/16934"}],"wp:attachment":[{"href":"https:\/\/arqitecture.fr\/en\/wp-json\/wp\/v2\/media?parent=13840"}],"wp:term":[{"taxonomy":"product_brand","embeddable":true,"href":"https:\/\/arqitecture.fr\/en\/wp-json\/wp\/v2\/product_brand?post=13840"},{"taxonomy":"product_cat","embeddable":true,"href":"https:\/\/arqitecture.fr\/en\/wp-json\/wp\/v2\/product_cat?post=13840"},{"taxonomy":"product_tag","embeddable":true,"href":"https:\/\/arqitecture.fr\/en\/wp-json\/wp\/v2\/product_tag?post=13840"}],"curies":[{"name":"wp","href":"https:\/\/api.w.org\/{rel}","templated":true}]}}