{"id":13824,"date":"2024-01-19T16:08:31","date_gmt":"2024-01-19T15:08:31","guid":{"rendered":"https:\/\/site-test.jd-web-et-design.fr\/produit\/statue-de-bouddha-lotus-meditation-decoration-maison\/"},"modified":"2024-10-07T11:48:14","modified_gmt":"2024-10-07T09:48:14","slug":"statue-de-bouddha-lotus-meditation-decoration-maison","status":"publish","type":"product","link":"https:\/\/arqitecture.fr\/en\/product\/statue-de-bouddha-lotus-meditation-decoration-maison\/","title":{"rendered":"Statue Bouddha H45cm, R\u00e9sine argent\u00e9e"},"content":{"rendered":"<p>\u25ba It will look great \u263c on a piece of furniture or a coffee table<\/p>\n<p>\u25ba Zen and relaxed atmosphere<\/p>\n<p>\u25ba Decoration of entrance, office or living room<\/p>\n<p>\u25ba Thank you gift, Valentine&#039;s Day, Mother&#039;s Day<\/p>\n<p>&nbsp;<\/p>\n<p><span class=\"ILfuVd\" lang=\"fr\"><span class=\"d9FyLd\"><b>\u262f <\/b><\/span><\/span>Popular Feng shui decoration because its presence in a living space brings happiness and serenity.<\/p>\n<p>\u25ba To be placed looking towards a door and especially not under a staircase.<\/p>\n<p>Decorative Asian art to place in a meditative space for a moment of rest and relaxation.<\/p>\n<p>A touch of exoticism and spirituality in its interior decoration.<\/p>","protected":false},"excerpt":{"rendered":"<p>Soyez d\u00e9tendu gr\u00e2ce \u00e0 cette statue bouddha assis en position lotus entrain de m\u00e9diter.<\/p>\n<p>Fabriqu\u00e9e en polyr\u00e9sine argent\u00e9e.<\/p>\n<p>H 45 cm<\/p>\n<p>&nbsp;<\/p>","protected":false},"featured_media":17094,"template":"","meta":{"_et_pb_use_builder":"","_et_pb_old_content":"","_et_gb_content_width":""},"product_brand":[],"product_cat":[7408,7406],"product_tag":[8023,8013,8005],"class_list":{"0":"post-13824","1":"product","2":"type-product","3":"status-publish","4":"has-post-thumbnail","6":"product_cat-deco-yin","7":"product_cat-tous-les-produits","8":"product_tag-bouddha","9":"product_tag-resine","10":"product_tag-statue","11":"pa_hauteur-45cm","13":"first","14":"instock","15":"taxable","16":"shipping-taxable","17":"purchasable","18":"product-type-simple"},"aioseo_notices":[],"_links":{"self":[{"href":"https:\/\/arqitecture.fr\/en\/wp-json\/wp\/v2\/product\/13824","targetHints":{"allow":["GET"]}}],"collection":[{"href":"https:\/\/arqitecture.fr\/en\/wp-json\/wp\/v2\/product"}],"about":[{"href":"https:\/\/arqitecture.fr\/en\/wp-json\/wp\/v2\/types\/product"}],"wp:featuredmedia":[{"embeddable":true,"href":"https:\/\/arqitecture.fr\/en\/wp-json\/wp\/v2\/media\/17094"}],"wp:attachment":[{"href":"https:\/\/arqitecture.fr\/en\/wp-json\/wp\/v2\/media?parent=13824"}],"wp:term":[{"taxonomy":"product_brand","embeddable":true,"href":"https:\/\/arqitecture.fr\/en\/wp-json\/wp\/v2\/product_brand?post=13824"},{"taxonomy":"product_cat","embeddable":true,"href":"https:\/\/arqitecture.fr\/en\/wp-json\/wp\/v2\/product_cat?post=13824"},{"taxonomy":"product_tag","embeddable":true,"href":"https:\/\/arqitecture.fr\/en\/wp-json\/wp\/v2\/product_tag?post=13824"}],"curies":[{"name":"wp","href":"https:\/\/api.w.org\/{rel}","templated":true}]}}