{"id":13818,"date":"2024-03-23T15:48:03","date_gmt":"2024-03-23T14:48:03","guid":{"rendered":"https:\/\/site-test.jd-web-et-design.fr\/produit\/bracelet-en-turquoise-elastique\/"},"modified":"2024-10-30T14:32:07","modified_gmt":"2024-10-30T13:32:07","slug":"bracelet-en-turquoise-elastique","status":"publish","type":"product","link":"https:\/\/arqitecture.fr\/en\/product\/bracelet-en-turquoise-elastique\/","title":{"rendered":"Moon bracelet, Turquoise stone"},"content":{"rendered":"<p>\u25ba Elle fera le plus bel effet \u00e0 votre poignet<\/p>\n<p>\u25ba Favorise l&rsquo;\u00e9quilibre \u00e9motionnel<\/p>\n<p>\u25ba Pour une touche de charme \u00e0 votre tenue<\/p>\n<p>\u25ba Cadeau id\u00e9al pour les amateurs ou passionn\u00e9s de pierre pr\u00e9cieuse<\/p>\n<p>\u25ba Cadeau pour une St Valentin, un anniversaire, une f\u00eates ou un mariage<\/p>\n<p>&nbsp;<\/p>\n<p>Stone symbol of courage, wisdom and clairvoyance.<\/p>\n<p>Protects against electromagnetic waves.<\/p>\n<p>It combats nervousness and migraines.<\/p>","protected":false},"excerpt":{"rendered":"<p>This imposing and soothing bracelet is made of reconstituted turquoise.<\/p>\n<p>Original and luminous, it is made from natural Turquoise, the fragments of which are assembled in an artificial resin, so it retains all its virtues.<\/p>\n<p>Positive and calming stone.<\/p>\n<p>A great gift idea for a birthday, Father&#039;s Day or for the pleasure of giving.<\/p>\n<p>.Provenance : Mexique<\/p>\n<p><span style=\"text-decoration: underline;\">2 different sizes<\/span>:<\/p>","protected":false},"featured_media":16555,"template":"","meta":{"_et_pb_use_builder":"","_et_pb_old_content":"","_et_gb_content_width":""},"product_brand":[],"product_cat":[7415,7406],"product_tag":[],"class_list":{"0":"post-13818","1":"product","2":"type-product","3":"status-publish","4":"has-post-thumbnail","6":"product_cat-deco-terre","7":"product_cat-tous-les-produits","8":"pa_dimensions-diam5cm","9":"pa_dimensions-diam6cm","11":"first","12":"instock","13":"taxable","14":"shipping-taxable","15":"purchasable","16":"product-type-variable","17":"has-default-attributes"},"aioseo_notices":[],"_links":{"self":[{"href":"https:\/\/arqitecture.fr\/en\/wp-json\/wp\/v2\/product\/13818","targetHints":{"allow":["GET"]}}],"collection":[{"href":"https:\/\/arqitecture.fr\/en\/wp-json\/wp\/v2\/product"}],"about":[{"href":"https:\/\/arqitecture.fr\/en\/wp-json\/wp\/v2\/types\/product"}],"wp:featuredmedia":[{"embeddable":true,"href":"https:\/\/arqitecture.fr\/en\/wp-json\/wp\/v2\/media\/16555"}],"wp:attachment":[{"href":"https:\/\/arqitecture.fr\/en\/wp-json\/wp\/v2\/media?parent=13818"}],"wp:term":[{"taxonomy":"product_brand","embeddable":true,"href":"https:\/\/arqitecture.fr\/en\/wp-json\/wp\/v2\/product_brand?post=13818"},{"taxonomy":"product_cat","embeddable":true,"href":"https:\/\/arqitecture.fr\/en\/wp-json\/wp\/v2\/product_cat?post=13818"},{"taxonomy":"product_tag","embeddable":true,"href":"https:\/\/arqitecture.fr\/en\/wp-json\/wp\/v2\/product_tag?post=13818"}],"curies":[{"name":"wp","href":"https:\/\/api.w.org\/{rel}","templated":true}]}}