{"id":13811,"date":"2024-03-28T15:52:21","date_gmt":"2024-03-28T14:52:21","guid":{"rendered":"https:\/\/site-test.jd-web-et-design.fr\/produit\/crane-en-pyrite-sculpture-deco\/"},"modified":"2024-10-30T14:38:23","modified_gmt":"2024-10-30T13:38:23","slug":"crane-en-pyrite-sculpture-deco","status":"publish","type":"product","link":"https:\/\/arqitecture.fr\/en\/product\/crane-en-pyrite-sculpture-deco\/","title":{"rendered":"Cr\u00e2ne en pierre H4cm en Pyrite"},"content":{"rendered":"<p>\u25ba Favorise l&rsquo;\u00e9quilibre sensoriel<\/p>\n<p>\u25ba Cadeau id\u00e9al pour les amateurs ou passionn\u00e9s de pierre pr\u00e9cieuse<\/p>\n<p>\u25ba Cadeau pour une St Valentin, un anniversaire, une f\u00eates ou un mariage<\/p>\n<p>&nbsp;<\/p>\n<p>Symbole de vitalit\u00e9 et la confiance en soi.<\/p>\n<p>Favorise la concentration.<\/p>","protected":false},"excerpt":{"rendered":"<p>Sculpture cr\u00e2ne en pyrite.<\/p>\n<p>H 4 cm; D 5 cm<\/p>","protected":false},"featured_media":17423,"template":"","meta":{"_et_pb_use_builder":"","_et_pb_old_content":"","_et_gb_content_width":""},"product_brand":[],"product_cat":[7415,7406],"product_tag":[8515,8516,8000],"class_list":{"0":"post-13811","1":"product","2":"type-product","3":"status-publish","4":"has-post-thumbnail","6":"product_cat-deco-terre","7":"product_cat-tous-les-produits","8":"product_tag-crane","9":"product_tag-pyrite","10":"product_tag-sculpture","11":"pa_hauteur-4cm","12":"pa_profondeur-5cm","14":"first","15":"instock","16":"taxable","17":"shipping-taxable","18":"purchasable","19":"product-type-simple"},"aioseo_notices":[],"_links":{"self":[{"href":"https:\/\/arqitecture.fr\/en\/wp-json\/wp\/v2\/product\/13811","targetHints":{"allow":["GET"]}}],"collection":[{"href":"https:\/\/arqitecture.fr\/en\/wp-json\/wp\/v2\/product"}],"about":[{"href":"https:\/\/arqitecture.fr\/en\/wp-json\/wp\/v2\/types\/product"}],"wp:featuredmedia":[{"embeddable":true,"href":"https:\/\/arqitecture.fr\/en\/wp-json\/wp\/v2\/media\/17423"}],"wp:attachment":[{"href":"https:\/\/arqitecture.fr\/en\/wp-json\/wp\/v2\/media?parent=13811"}],"wp:term":[{"taxonomy":"product_brand","embeddable":true,"href":"https:\/\/arqitecture.fr\/en\/wp-json\/wp\/v2\/product_brand?post=13811"},{"taxonomy":"product_cat","embeddable":true,"href":"https:\/\/arqitecture.fr\/en\/wp-json\/wp\/v2\/product_cat?post=13811"},{"taxonomy":"product_tag","embeddable":true,"href":"https:\/\/arqitecture.fr\/en\/wp-json\/wp\/v2\/product_tag?post=13811"}],"curies":[{"name":"wp","href":"https:\/\/api.w.org\/{rel}","templated":true}]}}