{"id":13804,"date":"2024-03-23T17:03:11","date_gmt":"2024-03-23T16:03:11","guid":{"rendered":"https:\/\/site-test.jd-web-et-design.fr\/produit\/bracelet-en-lapis-lazuli-feng-shui\/"},"modified":"2024-10-30T14:39:52","modified_gmt":"2024-10-30T13:39:52","slug":"bracelet-en-lapis-lazuli-feng-shui","status":"publish","type":"product","link":"https:\/\/arqitecture.fr\/en\/product\/bracelet-en-lapis-lazuli-feng-shui\/","title":{"rendered":"Bracelet, Lapis Lazuli"},"content":{"rendered":"<p>\u25ba Elle fera le plus bel effet \u00e0 votre poignet<\/p>\n<p>\u25ba Favorise l&rsquo;\u00e9quilibre sensoriel<\/p>\n<p>\u25ba Pour une touche de charme \u00e0 votre tenue<\/p>\n<p>\u25ba Cadeau id\u00e9al pour les amateurs ou passionn\u00e9s de pierre pr\u00e9cieuse<\/p>\n<p>\u25ba Cadeau pour une St Valentin, un anniversaire, une f\u00eates ou un mariage<\/p>\n<p>&nbsp;<\/p>\n<p><span style=\"font-family: arial,helvetica,sans-serif;\">Effective for rashes, insect bites.<\/span><\/p>\n<p><span style=\"font-family: arial,helvetica,sans-serif;\">It fights allergies, eczema, herpes, dandruff.<\/span><\/p>\n<p><span style=\"font-family: arial,helvetica,sans-serif;\">Fights hair loss and gives healthy hair.<\/span><\/p>\n<p><span style=\"font-family: arial,helvetica,sans-serif;\">It relieves fever, headaches, ear pain and depressive states.<\/span><\/p>\n<p><span style=\"font-family: arial,helvetica,sans-serif;\">It stimulates the action of the lungs and eyes.<\/span><\/p>\n<p><span style=\"font-family: arial,helvetica,sans-serif;\">It remedies lymph and thyroid disorders.<\/span><\/p>\n<p><span style=\"font-family: arial,helvetica,sans-serif;\">It relieves obstructions in the throat and relieves pain caused by cervical spondylosis.<\/span><\/p>\n<p><span style=\"font-family: arial,helvetica,sans-serif;\">It is particularly recommended for all nervous people on whom it has a very effective calming action.<\/span><\/p>\n<p><span style=\"font-family: arial,helvetica,sans-serif;\">It provides good sleep and develops intuition.<\/span><\/p>\n<p><span style=\"font-family: arial,helvetica,sans-serif;\">Symbol of cheerfulness and harmony, stone of love and friendship, it creates around its owner an aura of tenderness and sympathy.<\/span><\/p>\n<p><span style=\"font-family: arial,helvetica,sans-serif;\">Helps us to better assimilate our repressions.<\/span><\/p>\n<p><span style=\"font-family: arial,helvetica,sans-serif;\">It removes our sorrows, our anxieties and our blockages in the area of our emotions.<\/span><\/p>","protected":false},"excerpt":{"rendered":"<p>Bracelet with several raw Lapis lazuli stones.<\/p>\n<p>Diameter 6 cm<\/p>\n<p>Couleur bleu fonc\u00e9.<\/p>\n<p>Provenance : Afghanistan<\/p>","protected":false},"featured_media":13800,"template":"","meta":{"_et_pb_use_builder":"","_et_pb_old_content":"","_et_gb_content_width":""},"product_brand":[],"product_cat":[7415,7406],"product_tag":[8513,8510,8511,8512,7996],"class_list":{"0":"post-13804","1":"product","2":"type-product","3":"status-publish","4":"has-post-thumbnail","6":"product_cat-deco-terre","7":"product_cat-tous-les-produits","8":"product_tag-bleu","9":"product_tag-bracelet","10":"product_tag-lapis","11":"product_tag-lazuli","12":"product_tag-pierre","14":"first","15":"instock","16":"taxable","17":"shipping-taxable","18":"purchasable","19":"product-type-simple"},"aioseo_notices":[],"_links":{"self":[{"href":"https:\/\/arqitecture.fr\/en\/wp-json\/wp\/v2\/product\/13804","targetHints":{"allow":["GET"]}}],"collection":[{"href":"https:\/\/arqitecture.fr\/en\/wp-json\/wp\/v2\/product"}],"about":[{"href":"https:\/\/arqitecture.fr\/en\/wp-json\/wp\/v2\/types\/product"}],"wp:featuredmedia":[{"embeddable":true,"href":"https:\/\/arqitecture.fr\/en\/wp-json\/wp\/v2\/media\/13800"}],"wp:attachment":[{"href":"https:\/\/arqitecture.fr\/en\/wp-json\/wp\/v2\/media?parent=13804"}],"wp:term":[{"taxonomy":"product_brand","embeddable":true,"href":"https:\/\/arqitecture.fr\/en\/wp-json\/wp\/v2\/product_brand?post=13804"},{"taxonomy":"product_cat","embeddable":true,"href":"https:\/\/arqitecture.fr\/en\/wp-json\/wp\/v2\/product_cat?post=13804"},{"taxonomy":"product_tag","embeddable":true,"href":"https:\/\/arqitecture.fr\/en\/wp-json\/wp\/v2\/product_tag?post=13804"}],"curies":[{"name":"wp","href":"https:\/\/api.w.org\/{rel}","templated":true}]}}