{"id":13768,"date":"2024-05-04T13:43:13","date_gmt":"2024-05-04T11:43:13","guid":{"rendered":"https:\/\/site-test.jd-web-et-design.fr\/produit\/mini-arbre-a-bijoux-deco\/"},"modified":"2024-10-28T16:38:20","modified_gmt":"2024-10-28T15:38:20","slug":"mini-arbre-a-bijoux-deco","status":"publish","type":"product","link":"https:\/\/arqitecture.fr\/en\/product\/mini-arbre-a-bijoux-deco\/","title":{"rendered":"Mini arbre \u00e0 bijoux  H8.5cm, R\u00e9sine"},"content":{"rendered":"<p>\u25ba Il fera le plus bel effet \u263c sur une coiffeuse ou une table basse <\/p>\n<p>\u25ba Pour une touche nature et reposante<\/p>\n<p>\u25ba D\u00e9coration de salle de bains ou de chambre<\/p>\n<p>\u25ba Cadeau de remerciement, de mariage, f\u00eate des m\u00e8res, pendaison de cr\u00e9maill\u00e8re, pour une invitation \u00e0 diner ou une Saint Valentin<\/p>","protected":false},"excerpt":{"rendered":"<p>Porte bijoux repr\u00e9sentant un arbre.<\/p>\n<p>Silver resin<\/p>\n<p>H 8.5 cm<\/p>","protected":false},"featured_media":17474,"template":"","meta":{"_et_pb_use_builder":"","_et_pb_old_content":"","_et_gb_content_width":""},"product_brand":[],"product_cat":[7413,7406],"product_tag":[],"class_list":{"0":"post-13768","1":"product","2":"type-product","3":"status-publish","4":"has-post-thumbnail","6":"product_cat-deco-bois","7":"product_cat-tous-les-produits","9":"first","10":"instock","11":"taxable","12":"shipping-taxable","13":"purchasable","14":"product-type-simple"},"aioseo_notices":[],"_links":{"self":[{"href":"https:\/\/arqitecture.fr\/en\/wp-json\/wp\/v2\/product\/13768","targetHints":{"allow":["GET"]}}],"collection":[{"href":"https:\/\/arqitecture.fr\/en\/wp-json\/wp\/v2\/product"}],"about":[{"href":"https:\/\/arqitecture.fr\/en\/wp-json\/wp\/v2\/types\/product"}],"wp:featuredmedia":[{"embeddable":true,"href":"https:\/\/arqitecture.fr\/en\/wp-json\/wp\/v2\/media\/17474"}],"wp:attachment":[{"href":"https:\/\/arqitecture.fr\/en\/wp-json\/wp\/v2\/media?parent=13768"}],"wp:term":[{"taxonomy":"product_brand","embeddable":true,"href":"https:\/\/arqitecture.fr\/en\/wp-json\/wp\/v2\/product_brand?post=13768"},{"taxonomy":"product_cat","embeddable":true,"href":"https:\/\/arqitecture.fr\/en\/wp-json\/wp\/v2\/product_cat?post=13768"},{"taxonomy":"product_tag","embeddable":true,"href":"https:\/\/arqitecture.fr\/en\/wp-json\/wp\/v2\/product_tag?post=13768"}],"curies":[{"name":"wp","href":"https:\/\/api.w.org\/{rel}","templated":true}]}}