{"id":13766,"date":"2024-05-04T13:40:46","date_gmt":"2024-05-04T11:40:46","guid":{"rendered":"https:\/\/site-test.jd-web-et-design.fr\/produit\/arbre-a-bijoux\/"},"modified":"2024-10-28T16:38:13","modified_gmt":"2024-10-28T15:38:13","slug":"arbre-a-bijoux","status":"publish","type":"product","link":"https:\/\/arqitecture.fr\/en\/product\/arbre-a-bijoux\/","title":{"rendered":"Arbre \u00e0 bijoux H17cm, R\u00e9sine"},"content":{"rendered":"<p>\u25ba Il fera le plus bel effet \u263c sur une coiffeuse ou une table basse <\/p>\n<p>\u25ba Pour une touche nature et reposante<\/p>\n<p>\u25ba D\u00e9coration de salle de bains ou de chambre<\/p>\n<p>\u25ba Cadeau de remerciement, de mariage, f\u00eate des m\u00e8res, pendaison de cr\u00e9maill\u00e8re, pour une invitation \u00e0 diner ou une Saint Valentin<\/p>","protected":false},"excerpt":{"rendered":"<p>Porte bijoux arbre et deux hiboux perch\u00e9s dans les branches<\/p>\n<p>Silver resin<\/p>\n<p>H 17 cm<\/p>","protected":false},"featured_media":17459,"template":"","meta":{"_et_pb_use_builder":"","_et_pb_old_content":"","_et_gb_content_width":""},"product_brand":[],"product_cat":[7413,7406],"product_tag":[8194,9145,8129,7995,8013],"class_list":{"0":"post-13766","1":"product","2":"type-product","3":"status-publish","4":"has-post-thumbnail","6":"product_cat-deco-bois","7":"product_cat-tous-les-produits","8":"product_tag-arbre","9":"product_tag-arbre-a-bijoux","10":"product_tag-bijoux","11":"product_tag-deco","12":"product_tag-resine","13":"pa_hauteur-17cm","15":"first","16":"instock","17":"taxable","18":"shipping-taxable","19":"purchasable","20":"product-type-simple"},"aioseo_notices":[],"_links":{"self":[{"href":"https:\/\/arqitecture.fr\/en\/wp-json\/wp\/v2\/product\/13766","targetHints":{"allow":["GET"]}}],"collection":[{"href":"https:\/\/arqitecture.fr\/en\/wp-json\/wp\/v2\/product"}],"about":[{"href":"https:\/\/arqitecture.fr\/en\/wp-json\/wp\/v2\/types\/product"}],"wp:featuredmedia":[{"embeddable":true,"href":"https:\/\/arqitecture.fr\/en\/wp-json\/wp\/v2\/media\/17459"}],"wp:attachment":[{"href":"https:\/\/arqitecture.fr\/en\/wp-json\/wp\/v2\/media?parent=13766"}],"wp:term":[{"taxonomy":"product_brand","embeddable":true,"href":"https:\/\/arqitecture.fr\/en\/wp-json\/wp\/v2\/product_brand?post=13766"},{"taxonomy":"product_cat","embeddable":true,"href":"https:\/\/arqitecture.fr\/en\/wp-json\/wp\/v2\/product_cat?post=13766"},{"taxonomy":"product_tag","embeddable":true,"href":"https:\/\/arqitecture.fr\/en\/wp-json\/wp\/v2\/product_tag?post=13766"}],"curies":[{"name":"wp","href":"https:\/\/api.w.org\/{rel}","templated":true}]}}