{"id":13760,"date":"2024-03-25T13:36:52","date_gmt":"2024-03-25T12:36:52","guid":{"rendered":"https:\/\/site-test.jd-web-et-design.fr\/produit\/pendentif-nacre-rond-cou\/"},"modified":"2024-10-29T07:57:55","modified_gmt":"2024-10-29T06:57:55","slug":"pendentif-nacre-rond-cou","status":"publish","type":"product","link":"https:\/\/arqitecture.fr\/en\/product\/pendentif-nacre-rond-cou\/","title":{"rendered":"Pendentif Rond brillant 4cm, Nacre"},"content":{"rendered":"<p>Cordon, chaine non inclus<\/p>\n<p>&nbsp;<\/p>\n<p>\u25ba Bijoux de r\u00e9\u00e9quilibrage \u00e9nerg\u00e9tique entre le corps et esprit<\/p>\n<p>\u25ba Energie apaisante<\/p>\n<p>\u25ba Apporte une touche de sagesse \u00e0 sa tenue<\/p>\n<p>\u25ba Habillera votre cou avec \u00e9l\u00e9gance<\/p>\n<p>\u25ba Cadeau pour la St Valentin, anniversaire, de remerciements, invitation \u00e0 d\u00eener ou f\u00eate des M\u00e8res<\/p>\n<p>&nbsp;<\/p>\n<p>La Nacre est une mati\u00e8re dure, ce calcaire est de couleur blanche \u00e0 reflets iris\u00e9s.<\/p>\n<p>Compos\u00e9e produit par de nombreux mollusques pour leur coquille tout au long de leur vie.<\/p>\n<p>Elle est utilis\u00e9e en bijouterie et pour fabriquer de petits objets selon diff\u00e9rentes techniques.<\/p>","protected":false},"excerpt":{"rendered":"<p>Pendentif rond en Nacre naturelle aux multiples couleurs, effet brillant tel un arc en ciel.<\/p>\n<p>Mont\u00e9 sur une b\u00e9li\u00e8re en argent.<\/p>\n<p>Attention that will have an effect and unite your ties.<\/p>\n<p>4cm<\/p>","protected":false},"featured_media":17156,"template":"","meta":{"_et_pb_use_builder":"","_et_pb_old_content":"","_et_gb_content_width":""},"product_brand":[],"product_cat":[7415,7406],"product_tag":[8496,8495,8494,8493,8248],"class_list":{"0":"post-13760","1":"product","2":"type-product","3":"status-publish","4":"has-post-thumbnail","6":"product_cat-deco-terre","7":"product_cat-tous-les-produits","8":"product_tag-cou","9":"product_tag-multi-couleur","10":"product_tag-nacre","11":"product_tag-pendentif","12":"product_tag-rond","13":"pa_diametre-4cm","15":"first","16":"instock","17":"taxable","18":"shipping-taxable","19":"purchasable","20":"product-type-simple"},"aioseo_notices":[],"_links":{"self":[{"href":"https:\/\/arqitecture.fr\/en\/wp-json\/wp\/v2\/product\/13760","targetHints":{"allow":["GET"]}}],"collection":[{"href":"https:\/\/arqitecture.fr\/en\/wp-json\/wp\/v2\/product"}],"about":[{"href":"https:\/\/arqitecture.fr\/en\/wp-json\/wp\/v2\/types\/product"}],"wp:featuredmedia":[{"embeddable":true,"href":"https:\/\/arqitecture.fr\/en\/wp-json\/wp\/v2\/media\/17156"}],"wp:attachment":[{"href":"https:\/\/arqitecture.fr\/en\/wp-json\/wp\/v2\/media?parent=13760"}],"wp:term":[{"taxonomy":"product_brand","embeddable":true,"href":"https:\/\/arqitecture.fr\/en\/wp-json\/wp\/v2\/product_brand?post=13760"},{"taxonomy":"product_cat","embeddable":true,"href":"https:\/\/arqitecture.fr\/en\/wp-json\/wp\/v2\/product_cat?post=13760"},{"taxonomy":"product_tag","embeddable":true,"href":"https:\/\/arqitecture.fr\/en\/wp-json\/wp\/v2\/product_tag?post=13760"}],"curies":[{"name":"wp","href":"https:\/\/api.w.org\/{rel}","templated":true}]}}