{"id":13732,"date":"2024-08-15T16:14:29","date_gmt":"2024-08-15T14:14:29","guid":{"rendered":"https:\/\/site-test.jd-web-et-design.fr\/produit\/elephant-statue-deco-maison-animal-decoration-bonheur\/"},"modified":"2024-10-08T10:17:40","modified_gmt":"2024-10-08T08:17:40","slug":"elephant-statue-deco-maison-animal-decoration-bonheur","status":"publish","type":"product","link":"https:\/\/arqitecture.fr\/en\/product\/elephant-statue-deco-maison-animal-decoration-bonheur\/","title":{"rendered":"Statue r\u00e9aliste \u00c9l\u00e9phant L52cm, R\u00e9sine"},"content":{"rendered":"<p>\u25ba It will look great \u263c on a console or low cabinet<\/p>\n<p>\u25ba For an exotic touch in your interior and a safari atmosphere<\/p>\n<p>\u25ba Decoration of entrance, hallway, office or living room<\/p>\n<p>\u25ba Remember a vacation memory<\/p>\n<p>\u25ba Thank you gift, birthday, Christmas, Valentine&#039;s Day or Parents&#039; Day<\/p>\n<p>&nbsp;<\/p>\n<p><span class=\"ILfuVd\" lang=\"fr\"><span class=\"d9FyLd\"><b>\u262f<\/b><\/span><\/span> In Feng Shui, the elephant is a symbol of majesty and longevity, releasing gentle energy and infinite wisdom.<\/p>\n<p>Place the elephant so that its trunk is towards the inside of the place and its rear towards the entrance door.<\/p>\n<p>To attract protect, bring balance and success, love and good luck to your place of life or work.<\/p>\n<p>Man is the main enemy of the African elephant.<\/p>\n<p>If for Westerners this animal is the living image of heaviness and clumsiness, Asia has a fundamentally different idea of it.<\/p>\n<p>It is the mount of kings, it is a symbol of royal power, stability and immutability.<\/p>\n<p>The elephant is the beginning and the end. It evokes Awakening.<\/p>\n<p>The elephant&#039;s raised trunk means happiness.<\/p>\n<p><span style=\"color: #000000;\">\u00a0<\/span><\/p>","protected":false},"excerpt":{"rendered":"<p><span style=\"color: #000000;\">Representation, in the form of a beautiful decorative statue, of the largest land animal living on Earth.<\/span><\/p>\n<p><span style=\"color: #000000;\">This large elephant statue is made of high-density stone-effect resin. <\/span><\/p>\n<p><span style=\"color: #000000;\">Dark brown in color superbly reproduces the characteristic texture of the animal&#039;s skin, with a luxurious object rendering that you can place on a console or in a desk.<\/span><\/p>\n<p><span style=\"color: #000000;\">\u00a0<\/span><\/p>","protected":false},"featured_media":17104,"template":"","meta":{"_et_pb_use_builder":"","_et_pb_old_content":"","_et_gb_content_width":""},"product_brand":[],"product_cat":[7410,7406],"product_tag":[8101,7992,8118,7998,8005],"class_list":{"0":"post-13732","1":"product","2":"type-product","3":"status-publish","4":"has-post-thumbnail","6":"product_cat-deco-animaux","7":"product_cat-tous-les-produits","8":"product_tag-animaux","9":"product_tag-decoration","10":"product_tag-elephant","11":"product_tag-maison","12":"product_tag-statue","13":"pa_hauteur-37cm","14":"pa_largeur-52cm","15":"pa_profondeur-19cm","17":"first","18":"instock","19":"taxable","20":"shipping-taxable","21":"purchasable","22":"product-type-simple"},"aioseo_notices":[],"_links":{"self":[{"href":"https:\/\/arqitecture.fr\/en\/wp-json\/wp\/v2\/product\/13732","targetHints":{"allow":["GET"]}}],"collection":[{"href":"https:\/\/arqitecture.fr\/en\/wp-json\/wp\/v2\/product"}],"about":[{"href":"https:\/\/arqitecture.fr\/en\/wp-json\/wp\/v2\/types\/product"}],"wp:featuredmedia":[{"embeddable":true,"href":"https:\/\/arqitecture.fr\/en\/wp-json\/wp\/v2\/media\/17104"}],"wp:attachment":[{"href":"https:\/\/arqitecture.fr\/en\/wp-json\/wp\/v2\/media?parent=13732"}],"wp:term":[{"taxonomy":"product_brand","embeddable":true,"href":"https:\/\/arqitecture.fr\/en\/wp-json\/wp\/v2\/product_brand?post=13732"},{"taxonomy":"product_cat","embeddable":true,"href":"https:\/\/arqitecture.fr\/en\/wp-json\/wp\/v2\/product_cat?post=13732"},{"taxonomy":"product_tag","embeddable":true,"href":"https:\/\/arqitecture.fr\/en\/wp-json\/wp\/v2\/product_tag?post=13732"}],"curies":[{"name":"wp","href":"https:\/\/api.w.org\/{rel}","templated":true}]}}