{"id":13727,"date":"2024-03-05T11:36:27","date_gmt":"2024-03-05T10:36:27","guid":{"rendered":"https:\/\/site-test.jd-web-et-design.fr\/produit\/vase-noir-brillant-deco-fleurs-pot\/"},"modified":"2024-10-25T18:56:47","modified_gmt":"2024-10-25T16:56:47","slug":"vase-noir-brillant-deco-fleurs-pot","status":"publish","type":"product","link":"https:\/\/arqitecture.fr\/en\/product\/vase-noir-brillant-deco-fleurs-pot\/","title":{"rendered":"Brilliant black vase and diamonds 2 sizes, Ceramic"},"content":{"rendered":"<p>\u25ba Il fera le plus bel effet \u263c sur un meuble, une table basse ou une \u00e9tag\u00e8re<\/p>\n<p>\u25ba Modern and inspiring atmosphere<\/p>\n<p>\u25ba D\u00e9coration d&rsquo;entr\u00e9e, de cuisine, de bureau ou de salon<\/p>\n<p>\u25ba Cadeau de remerciement, de mariage, f\u00eate des m\u00e8res, pendaison de cr\u00e9maill\u00e8re, pour une invitation \u00e0 diner ou une St Valentin<\/p>\n<p>&nbsp;<\/p>","protected":false},"excerpt":{"rendered":"<p>Highlight your plants with this round black planter with brilliant faceted diamond effects.<\/p>\n<p>Ceramic.<\/p>\n<p>2 sizes to choose from:<\/p>","protected":false},"featured_media":17438,"template":"","meta":{"_et_pb_use_builder":"","_et_pb_old_content":"","_et_gb_content_width":""},"product_brand":[],"product_cat":[7413,7415,7406],"product_tag":[8431,8040,8266],"class_list":{"0":"post-13727","1":"product","2":"type-product","3":"status-publish","4":"has-post-thumbnail","6":"product_cat-deco-bois","7":"product_cat-deco-terre","8":"product_cat-tous-les-produits","9":"product_tag-brillant","10":"product_tag-noir","11":"product_tag-vase","12":"pa_dimensions-h12_5xdiam13_3cm","13":"pa_dimensions-h13_5xdiam16cm","15":"first","16":"instock","17":"taxable","18":"shipping-taxable","19":"purchasable","20":"product-type-variable","21":"has-default-attributes"},"aioseo_notices":[],"_links":{"self":[{"href":"https:\/\/arqitecture.fr\/en\/wp-json\/wp\/v2\/product\/13727","targetHints":{"allow":["GET"]}}],"collection":[{"href":"https:\/\/arqitecture.fr\/en\/wp-json\/wp\/v2\/product"}],"about":[{"href":"https:\/\/arqitecture.fr\/en\/wp-json\/wp\/v2\/types\/product"}],"wp:featuredmedia":[{"embeddable":true,"href":"https:\/\/arqitecture.fr\/en\/wp-json\/wp\/v2\/media\/17438"}],"wp:attachment":[{"href":"https:\/\/arqitecture.fr\/en\/wp-json\/wp\/v2\/media?parent=13727"}],"wp:term":[{"taxonomy":"product_brand","embeddable":true,"href":"https:\/\/arqitecture.fr\/en\/wp-json\/wp\/v2\/product_brand?post=13727"},{"taxonomy":"product_cat","embeddable":true,"href":"https:\/\/arqitecture.fr\/en\/wp-json\/wp\/v2\/product_cat?post=13727"},{"taxonomy":"product_tag","embeddable":true,"href":"https:\/\/arqitecture.fr\/en\/wp-json\/wp\/v2\/product_tag?post=13727"}],"curies":[{"name":"wp","href":"https:\/\/api.w.org\/{rel}","templated":true}]}}