{"id":13720,"date":"2024-03-08T11:26:24","date_gmt":"2024-03-08T10:26:24","guid":{"rendered":"https:\/\/site-test.jd-web-et-design.fr\/produit\/vase-aluminium-design\/"},"modified":"2024-10-28T16:28:25","modified_gmt":"2024-10-28T15:28:25","slug":"vase-aluminium-design","status":"publish","type":"product","link":"https:\/\/arqitecture.fr\/en\/product\/vase-aluminium-design\/","title":{"rendered":"Planter Vase 2 sizes, Decorative design"},"content":{"rendered":"<p>\u25ba Il fera le plus bel effet \u263c sur un meuble, une table basse ou une \u00e9tag\u00e8re<\/p>\n<p>\u25ba Ambiance moderne<\/p>\n<p>\u25ba D\u00e9coration d&rsquo;entr\u00e9e, de cuisine, de bureau ou de salon<\/p>\n<p>\u25ba Cadeau de remerciement, de mariage, f\u00eate des m\u00e8res, pendaison de cr\u00e9maill\u00e8re, pour une invitation \u00e0 diner ou une St Valentin<\/p>","protected":false},"excerpt":{"rendered":"<p>Agr\u00e9menter votre d\u00e9coration de table avec ce cache-pot.<\/p>\n<p>En m\u00e9tal aluminium martel\u00e9.<\/p>\n<p>2 sizes to choose from:<\/p>","protected":false},"featured_media":16971,"template":"","meta":{"_et_pb_use_builder":"","_et_pb_old_content":"","_et_gb_content_width":""},"product_brand":[],"product_cat":[7413,7411,7406],"product_tag":[],"class_list":{"0":"post-13720","1":"product","2":"type-product","3":"status-publish","4":"has-post-thumbnail","6":"product_cat-deco-bois","7":"product_cat-deco-metal","8":"product_cat-tous-les-produits","9":"pa_dimensions-h15cm","10":"pa_dimensions-h19cm","11":"pa_dimensions-h30cm","13":"first","14":"instock","15":"taxable","16":"shipping-taxable","17":"purchasable","18":"product-type-variable","19":"has-default-attributes"},"aioseo_notices":[],"_links":{"self":[{"href":"https:\/\/arqitecture.fr\/en\/wp-json\/wp\/v2\/product\/13720","targetHints":{"allow":["GET"]}}],"collection":[{"href":"https:\/\/arqitecture.fr\/en\/wp-json\/wp\/v2\/product"}],"about":[{"href":"https:\/\/arqitecture.fr\/en\/wp-json\/wp\/v2\/types\/product"}],"wp:featuredmedia":[{"embeddable":true,"href":"https:\/\/arqitecture.fr\/en\/wp-json\/wp\/v2\/media\/16971"}],"wp:attachment":[{"href":"https:\/\/arqitecture.fr\/en\/wp-json\/wp\/v2\/media?parent=13720"}],"wp:term":[{"taxonomy":"product_brand","embeddable":true,"href":"https:\/\/arqitecture.fr\/en\/wp-json\/wp\/v2\/product_brand?post=13720"},{"taxonomy":"product_cat","embeddable":true,"href":"https:\/\/arqitecture.fr\/en\/wp-json\/wp\/v2\/product_cat?post=13720"},{"taxonomy":"product_tag","embeddable":true,"href":"https:\/\/arqitecture.fr\/en\/wp-json\/wp\/v2\/product_tag?post=13720"}],"curies":[{"name":"wp","href":"https:\/\/api.w.org\/{rel}","templated":true}]}}