{"id":13620,"date":"2024-04-08T11:26:24","date_gmt":"2024-04-08T09:26:24","guid":{"rendered":"https:\/\/site-test.jd-web-et-design.fr\/produit\/vase-rectangle-metal-decoration-maison\/"},"modified":"2024-10-28T13:48:46","modified_gmt":"2024-10-28T12:48:46","slug":"vase-rectangle-metal-decoration-maison","status":"publish","type":"product","link":"https:\/\/arqitecture.fr\/en\/product\/vase-rectangle-metal-decoration-maison\/","title":{"rendered":"Vase Portefeuille rectangle L20cm, Design m\u00e9tal"},"content":{"rendered":"<p>\u25ba Il fera le plus bel effet \u263c sur un bureau, une table ou une commode<\/p>\n<p>\u25ba Pour une atmosph\u00e8re design<\/p>\n<p>\u25ba Decoration of entrance, office or living room<\/p>\n<p>\u25ba Cadeau de remerciement, de mariage, f\u00eate des m\u00e8res, pendaison de cr\u00e9maill\u00e8re, pour une invitation \u00e0 diner ou une St Valentin<\/p>\n<p>\u25ba Pour agr\u00e9menter une d\u00e9coration de mariage<\/p>","protected":false},"excerpt":{"rendered":"<p>Mettez en valeur vos fleurs avec ce vase d\u00e9coratif d&rsquo;une forme originale, rectangle.<\/p>\n<p>Its shine gives it an elegant and designer appearance.<\/p>\n<p>Accessoire d&rsquo;int\u00e9rieur ultra-branch\u00e9, en accord avec les tendances du moment.<\/p>\n<p>Aluminium de qualit\u00e9<\/p>\n<p>H 11.5 cm<\/p>","protected":false},"featured_media":16977,"template":"","meta":{"_et_pb_use_builder":"","_et_pb_old_content":"","_et_gb_content_width":""},"product_brand":[],"product_cat":[7413,7411,7406],"product_tag":[7999,8472,8266],"class_list":{"0":"post-13620","1":"product","2":"type-product","3":"status-publish","4":"has-post-thumbnail","6":"product_cat-deco-bois","7":"product_cat-deco-metal","8":"product_cat-tous-les-produits","9":"product_tag-metal","10":"product_tag-rectangle","11":"product_tag-vase","12":"pa_longueur-20cm","13":"pa_profondeur-4cm","15":"first","16":"instock","17":"taxable","18":"shipping-taxable","19":"purchasable","20":"product-type-simple"},"aioseo_notices":[],"_links":{"self":[{"href":"https:\/\/arqitecture.fr\/en\/wp-json\/wp\/v2\/product\/13620","targetHints":{"allow":["GET"]}}],"collection":[{"href":"https:\/\/arqitecture.fr\/en\/wp-json\/wp\/v2\/product"}],"about":[{"href":"https:\/\/arqitecture.fr\/en\/wp-json\/wp\/v2\/types\/product"}],"wp:featuredmedia":[{"embeddable":true,"href":"https:\/\/arqitecture.fr\/en\/wp-json\/wp\/v2\/media\/16977"}],"wp:attachment":[{"href":"https:\/\/arqitecture.fr\/en\/wp-json\/wp\/v2\/media?parent=13620"}],"wp:term":[{"taxonomy":"product_brand","embeddable":true,"href":"https:\/\/arqitecture.fr\/en\/wp-json\/wp\/v2\/product_brand?post=13620"},{"taxonomy":"product_cat","embeddable":true,"href":"https:\/\/arqitecture.fr\/en\/wp-json\/wp\/v2\/product_cat?post=13620"},{"taxonomy":"product_tag","embeddable":true,"href":"https:\/\/arqitecture.fr\/en\/wp-json\/wp\/v2\/product_tag?post=13620"}],"curies":[{"name":"wp","href":"https:\/\/api.w.org\/{rel}","templated":true}]}}