{"id":13615,"date":"2024-03-05T11:40:21","date_gmt":"2024-03-05T10:40:21","guid":{"rendered":"https:\/\/site-test.jd-web-et-design.fr\/produit\/vase-moutarde-decoration-maison-feng-shui\/"},"modified":"2024-10-28T16:34:38","modified_gmt":"2024-10-28T15:34:38","slug":"vase-moutarde-decoration-maison-feng-shui","status":"publish","type":"product","link":"https:\/\/arqitecture.fr\/en\/product\/vase-moutarde-decoration-maison-feng-shui\/","title":{"rendered":"Mustard Vase 2 sizes, Ceramic"},"content":{"rendered":"<p>Sold separately<\/p>\n<p>\u25ba Il fera le plus bel effet \u263c sur une table basse, un buffet, une commode ou un plan de travail<\/p>\n<p>\u25ba Pour une touche moderne<\/p>\n<p>\u25ba D\u00e9coration de salon, salle \u00e0 manger, bureau ou cuisine<\/p>\n<p>\u25ba Cadeau id\u00e9al pour les amateurs de jardin et passionn\u00e9s de nature<\/p>","protected":false},"excerpt":{"rendered":"<p>Vase longiligne \u00e0 base carr\u00e9e, de couleur moutarde de C\u00e9line de Lys.<\/p>\n<p>En c<span style=\"line-height: 14px;\">\u00e9ramique brillante.<\/span><\/p>\n<p>2 sizes to choose from:<\/p>","protected":false},"featured_media":16967,"template":"","meta":{"_et_pb_use_builder":"","_et_pb_old_content":"","_et_gb_content_width":""},"product_brand":[],"product_cat":[7413,7415,7406],"product_tag":[8117,8471,8266],"class_list":{"0":"post-13615","1":"product","2":"type-product","3":"status-publish","4":"has-post-thumbnail","6":"product_cat-deco-bois","7":"product_cat-deco-terre","8":"product_cat-tous-les-produits","9":"product_tag-ceramique","10":"product_tag-moutarde","11":"product_tag-vase","12":"pa_dimensions-8x8x20_5cm","13":"pa_dimensions-9_5x9_5x25_5cm","15":"first","16":"instock","17":"taxable","18":"shipping-taxable","19":"purchasable","20":"product-type-variable","21":"has-default-attributes"},"aioseo_notices":[],"_links":{"self":[{"href":"https:\/\/arqitecture.fr\/en\/wp-json\/wp\/v2\/product\/13615","targetHints":{"allow":["GET"]}}],"collection":[{"href":"https:\/\/arqitecture.fr\/en\/wp-json\/wp\/v2\/product"}],"about":[{"href":"https:\/\/arqitecture.fr\/en\/wp-json\/wp\/v2\/types\/product"}],"wp:featuredmedia":[{"embeddable":true,"href":"https:\/\/arqitecture.fr\/en\/wp-json\/wp\/v2\/media\/16967"}],"wp:attachment":[{"href":"https:\/\/arqitecture.fr\/en\/wp-json\/wp\/v2\/media?parent=13615"}],"wp:term":[{"taxonomy":"product_brand","embeddable":true,"href":"https:\/\/arqitecture.fr\/en\/wp-json\/wp\/v2\/product_brand?post=13615"},{"taxonomy":"product_cat","embeddable":true,"href":"https:\/\/arqitecture.fr\/en\/wp-json\/wp\/v2\/product_cat?post=13615"},{"taxonomy":"product_tag","embeddable":true,"href":"https:\/\/arqitecture.fr\/en\/wp-json\/wp\/v2\/product_tag?post=13615"}],"curies":[{"name":"wp","href":"https:\/\/api.w.org\/{rel}","templated":true}]}}