{"id":13612,"date":"2024-04-08T11:26:19","date_gmt":"2024-04-08T09:26:19","guid":{"rendered":"https:\/\/site-test.jd-web-et-design.fr\/produit\/vase-aluminium-soliflor-decoration\/"},"modified":"2024-10-28T13:48:03","modified_gmt":"2024-10-28T12:48:03","slug":"vase-aluminium-soliflor-decoration","status":"publish","type":"product","link":"https:\/\/arqitecture.fr\/en\/product\/vase-aluminium-soliflor-decoration\/","title":{"rendered":"Sculpture Vase Longiligne d\u00e9co H75cm, Design m\u00e9tal"},"content":{"rendered":"<p>\u25ba Il fera le plus bel effet \u263c \u00e0 m\u00eame le sol<\/p>\n<p>\u25ba pour habiller un angle ou coin de meuble<\/p>\n<p>\u25ba Pour une ambiance design<\/p>\n<p>\u25ba D\u00e9coration d&rsquo;entr\u00e9e, de bureau, cuisine, salle \u00e0 manger ou de salon<\/p>\n<p>\u25ba Cadeau de remerciements, de St Valentin ou d&rsquo;invitation \u00e0 diner<\/p>\n<p>\u25ba Pour agr\u00e9menter une d\u00e9coration de mariage<\/p>","protected":false},"excerpt":{"rendered":"<p>This large vase will bring a modern look to your interior.<\/p>\n<p>Its solid material, aluminum, will reflect light in your interior like a mirror effect.<\/p>\n<p>Its shine gives it an elegant and designer appearance.<\/p>\n<p>Accessoire d&rsquo;int\u00e9rieur ultra-branch\u00e9, en accord avec les tendances du moment.<\/p>\n<p>Son extr\u00e9mit\u00e9 \u00e9troite en fait un vase des plus originaux.<\/p>\n<p>Height: 75 cm<\/p>","protected":false},"featured_media":17021,"template":"","meta":{"_et_pb_use_builder":"","_et_pb_old_content":"","_et_gb_content_width":""},"product_brand":[],"product_cat":[7413,7411,7406],"product_tag":[8010,8227,8223,7999,8266],"class_list":{"0":"post-13612","1":"product","2":"type-product","3":"status-publish","4":"has-post-thumbnail","6":"product_cat-deco-bois","7":"product_cat-deco-metal","8":"product_cat-tous-les-produits","9":"product_tag-aluminium","10":"product_tag-design","11":"product_tag-grand","12":"product_tag-metal","13":"product_tag-vase","14":"pa_hauteur-75cm","15":"pa_largeur-10cm","16":"pa_longueur-10cm","18":"first","19":"instock","20":"taxable","21":"shipping-taxable","22":"purchasable","23":"product-type-simple"},"aioseo_notices":[],"_links":{"self":[{"href":"https:\/\/arqitecture.fr\/en\/wp-json\/wp\/v2\/product\/13612","targetHints":{"allow":["GET"]}}],"collection":[{"href":"https:\/\/arqitecture.fr\/en\/wp-json\/wp\/v2\/product"}],"about":[{"href":"https:\/\/arqitecture.fr\/en\/wp-json\/wp\/v2\/types\/product"}],"wp:featuredmedia":[{"embeddable":true,"href":"https:\/\/arqitecture.fr\/en\/wp-json\/wp\/v2\/media\/17021"}],"wp:attachment":[{"href":"https:\/\/arqitecture.fr\/en\/wp-json\/wp\/v2\/media?parent=13612"}],"wp:term":[{"taxonomy":"product_brand","embeddable":true,"href":"https:\/\/arqitecture.fr\/en\/wp-json\/wp\/v2\/product_brand?post=13612"},{"taxonomy":"product_cat","embeddable":true,"href":"https:\/\/arqitecture.fr\/en\/wp-json\/wp\/v2\/product_cat?post=13612"},{"taxonomy":"product_tag","embeddable":true,"href":"https:\/\/arqitecture.fr\/en\/wp-json\/wp\/v2\/product_tag?post=13612"}],"curies":[{"name":"wp","href":"https:\/\/api.w.org\/{rel}","templated":true}]}}