{"id":13599,"date":"2024-08-10T15:11:23","date_gmt":"2024-08-10T13:11:23","guid":{"rendered":"https:\/\/site-test.jd-web-et-design.fr\/produit\/ecureuil-animaux-verre-decoration-feng-shui\/"},"modified":"2024-10-30T17:13:08","modified_gmt":"2024-10-30T16:13:08","slug":"ecureuil-animaux-verre-decoration-feng-shui","status":"publish","type":"product","link":"https:\/\/arqitecture.fr\/en\/product\/ecureuil-animaux-verre-decoration-feng-shui\/","title":{"rendered":"Sculpture \u00c9cureuil H21cm, Verre"},"content":{"rendered":"<p>\u25ba Fera le plus bel effet \u263c \u00e0 m\u00eame le sol, sur une console, une colonne ou une \u00e9tag\u00e8re<\/p>\n<p>\u25ba Ambiance contemporaine<\/p>\n<p>\u25ba Office or living room decoration<\/p>\n<p>\u25ba Cadeau qui fera tr\u00e8s plaisir aux collectionneurs et aux amoureux de la nature<\/p>\n<p>\u25ba Cadeau pour la St Valentin, No\u00ebl, mariage, f\u00eate, anniversaire ou cr\u00e9maill\u00e8re<\/p>","protected":false},"excerpt":{"rendered":"<p>Statue d&rsquo;un tr\u00e8s joli \u00e9cureuil avec une tr\u00e8s grande et belle queue.<\/p>\n<p>\u00c9l\u00e9ment de d\u00e9coration en verre couleur ambre.<\/p>\n<p>A poser sur une table basse ou pr\u00e8s d&rsquo;une fen\u00eatre pour faire r\u00e9fl\u00e9chir ses couleurs.<\/p>\n<p>En verre \u00e9pais<\/p>\n<p>H 21 cm<\/p>","protected":false},"featured_media":17428,"template":"","meta":{"_et_pb_use_builder":"","_et_pb_old_content":"","_et_gb_content_width":""},"product_brand":[],"product_cat":[7410,7414,7406],"product_tag":[],"class_list":{"0":"post-13599","1":"product","2":"type-product","3":"status-publish","4":"has-post-thumbnail","6":"product_cat-deco-animaux","7":"product_cat-deco-eau","8":"product_cat-tous-les-produits","9":"pa_hauteur-21cm","10":"pa_largeur-7cm","11":"pa_longueur-19cm","13":"first","14":"instock","15":"taxable","16":"shipping-taxable","17":"purchasable","18":"product-type-simple"},"aioseo_notices":[],"_links":{"self":[{"href":"https:\/\/arqitecture.fr\/en\/wp-json\/wp\/v2\/product\/13599","targetHints":{"allow":["GET"]}}],"collection":[{"href":"https:\/\/arqitecture.fr\/en\/wp-json\/wp\/v2\/product"}],"about":[{"href":"https:\/\/arqitecture.fr\/en\/wp-json\/wp\/v2\/types\/product"}],"wp:featuredmedia":[{"embeddable":true,"href":"https:\/\/arqitecture.fr\/en\/wp-json\/wp\/v2\/media\/17428"}],"wp:attachment":[{"href":"https:\/\/arqitecture.fr\/en\/wp-json\/wp\/v2\/media?parent=13599"}],"wp:term":[{"taxonomy":"product_brand","embeddable":true,"href":"https:\/\/arqitecture.fr\/en\/wp-json\/wp\/v2\/product_brand?post=13599"},{"taxonomy":"product_cat","embeddable":true,"href":"https:\/\/arqitecture.fr\/en\/wp-json\/wp\/v2\/product_cat?post=13599"},{"taxonomy":"product_tag","embeddable":true,"href":"https:\/\/arqitecture.fr\/en\/wp-json\/wp\/v2\/product_tag?post=13599"}],"curies":[{"name":"wp","href":"https:\/\/api.w.org\/{rel}","templated":true}]}}