{"id":13489,"date":"2023-12-07T11:34:14","date_gmt":"2023-12-07T10:34:14","guid":{"rendered":"https:\/\/site-test.jd-web-et-design.fr\/produit\/fontaine-boule-inox-exterieur-deco\/"},"modified":"2024-09-17T11:04:19","modified_gmt":"2024-09-17T09:04:19","slug":"fontaine-boule-inox-exterieur-deco","status":"publish","type":"product","link":"https:\/\/arqitecture.fr\/en\/product\/fontaine-boule-inox-exterieur-deco\/","title":{"rendered":"Fontaine boule sur socle, Acier"},"content":{"rendered":"<p>\u25ba Elle fera le plus bel effet \u263c \u00e0 m\u00eame le sol<\/p>\n<p>\u25ba D\u00e9coration d&rsquo;entr\u00e9e, de bureau, salon ou am\u00e9nagement paysager<\/p>\n<p>\u25ba Cadeau de remerciements, de mariage ou cr\u00e9maill\u00e8re<\/p>\n<p>&nbsp;<\/p>\n<p><span class=\"ILfuVd\" lang=\"fr\"><span class=\"d9FyLd\"><b>\u262f <\/b><\/span><\/span>D\u00e9coration Feng shui primordiale<\/p>\n<p>Symbole de richesse, l&rsquo;eau est un \u00e9l\u00e9ment Yang.<\/p>\n<p>L&rsquo;eau est la force la plus puissante en Feng Shui.<\/p>\n<p>\u00ab\u00a0Un lieu qui capte l&rsquo;eau est plus fort que celui qui capte le vent.\u00a0\u00bb<\/p>\n<p>L&rsquo;eau retient le Qi, le capte, elle l&rsquo;active, le cumul, en d\u00e9cuple les effets et le renforce.<\/p>\n<p>&nbsp;<\/p>\n<p>\u25ba Une fontaine avec de l&rsquo;eau mobile est \u00e0 placer uniquement dans un secteur o\u00f9 cet \u00e9l\u00e9ment est recommand\u00e9 (charte maison + \u00e9toiles volantes de l&rsquo;ann\u00e9e).<\/p>\n<p>\u25ba L&rsquo;Eau gouverne les aspects professionnelles, la carri\u00e8re, les finances et l&rsquo;ascension sociale.<\/p>\n<p>Correctement positionner succ\u00e8s et fortune assur\u00e9e, on parle ici plus de rivi\u00e8re o\u00f9 le sens et la direction de l&rsquo;\u00e9coulement est important (en fonction de la porte d&rsquo;entr\u00e9e ou fa\u00e7ade).<\/p>\n<p>Le Feng Shui compte plus d&rsquo;une dizaine de crit\u00e8res et formules afin de choisir le bon emplacement\u2026<\/p>\n<p>&nbsp;<\/p>\n<p>Une fontaine d&rsquo;int\u00e9rieur purifie l&rsquo;air en captant les poussi\u00e8res pr\u00e9sentes dans l&rsquo;air.<\/p>\n<p>Utiliser de l&rsquo;eau distill\u00e9e, d\u00e9min\u00e9ralis\u00e9e pour limiter les algues et tartre ou changer l&rsquo;eau r\u00e9guli\u00e8rement.<\/p>","protected":false},"excerpt":{"rendered":"<p>Boule et bac en inox pour l&rsquo;int\u00e9rieur et l&rsquo;ext\u00e9rieur \/ jardin.<\/p>\n<p>Illuminated by an LED bulb at the water outlet<\/p>\n<p>Supplied: rollers, pump and 10 m power cable<\/p>\n<p>Tray: H 36, L 36, D 27 cm<\/p>\n<p>Expositional model<\/p>\n<p>Sphere diameter: 25 cm<\/p>","protected":false},"featured_media":19481,"template":"","meta":{"_et_pb_use_builder":"","_et_pb_old_content":"","_et_gb_content_width":""},"product_brand":[],"product_cat":[7414,7406],"product_tag":[8094,8271,8756,8728,8776,8238,8064,8325,8764,7995,7992,8227,8791,8470,7994,8025,8774,8240,8260,8755,7999,8352,8792,8775,8787,8024],"class_list":{"0":"post-13489","1":"product","2":"type-product","3":"status-publish","4":"has-post-thumbnail","6":"product_cat-deco-eau","7":"product_cat-tous-les-produits","8":"product_tag-acier","9":"product_tag-ambiance","10":"product_tag-apaisant","11":"product_tag-art","12":"product_tag-bars","13":"product_tag-boule","14":"product_tag-cadeau","15":"product_tag-calme","16":"product_tag-chaleureux","17":"product_tag-deco","18":"product_tag-decoration","19":"product_tag-design","20":"product_tag-detente","21":"product_tag-dynamique","22":"product_tag-feng-shui","23":"product_tag-fontaine","24":"product_tag-hotels","25":"product_tag-inox","26":"product_tag-jardin","27":"product_tag-luminosite","28":"product_tag-metal","29":"product_tag-nature","30":"product_tag-repos","31":"product_tag-restaurants","32":"product_tag-salle-dattente","33":"product_tag-zen","35":"first","36":"instock","37":"sale","38":"taxable","39":"shipping-taxable","40":"purchasable","41":"product-type-simple"},"aioseo_notices":[],"_links":{"self":[{"href":"https:\/\/arqitecture.fr\/en\/wp-json\/wp\/v2\/product\/13489","targetHints":{"allow":["GET"]}}],"collection":[{"href":"https:\/\/arqitecture.fr\/en\/wp-json\/wp\/v2\/product"}],"about":[{"href":"https:\/\/arqitecture.fr\/en\/wp-json\/wp\/v2\/types\/product"}],"wp:featuredmedia":[{"embeddable":true,"href":"https:\/\/arqitecture.fr\/en\/wp-json\/wp\/v2\/media\/19481"}],"wp:attachment":[{"href":"https:\/\/arqitecture.fr\/en\/wp-json\/wp\/v2\/media?parent=13489"}],"wp:term":[{"taxonomy":"product_brand","embeddable":true,"href":"https:\/\/arqitecture.fr\/en\/wp-json\/wp\/v2\/product_brand?post=13489"},{"taxonomy":"product_cat","embeddable":true,"href":"https:\/\/arqitecture.fr\/en\/wp-json\/wp\/v2\/product_cat?post=13489"},{"taxonomy":"product_tag","embeddable":true,"href":"https:\/\/arqitecture.fr\/en\/wp-json\/wp\/v2\/product_tag?post=13489"}],"curies":[{"name":"wp","href":"https:\/\/api.w.org\/{rel}","templated":true}]}}