{"id":13386,"date":"2024-06-06T11:32:54","date_gmt":"2024-06-06T09:32:54","guid":{"rendered":"https:\/\/site-test.jd-web-et-design.fr\/produit\/caches-pots-rouge-decoration-bois-fleurs\/"},"modified":"2024-10-30T15:52:21","modified_gmt":"2024-10-30T14:52:21","slug":"caches-pots-rouge-decoration-bois-fleurs","status":"publish","type":"product","link":"https:\/\/arqitecture.fr\/en\/product\/caches-pots-rouge-decoration-bois-fleurs\/","title":{"rendered":"Cache-pots carr\u00e9s rouges x2 , Bois"},"content":{"rendered":"<p>\u25ba Ils feront le plus bel effet \u263c sur une commode ou buffet<\/p>\n<p>\u25ba Ambiance attractive et dynamique<\/p>\n<p>\u25ba D\u00e9coration d&rsquo;entr\u00e9e, de cuisine, de bureau ou de salon<\/p>\n<p>\u25ba Cadeau de remerciement, de mariage, f\u00eate des m\u00e8res, pendaison de cr\u00e9maill\u00e8re, pour une invitation \u00e0 diner ou une St Valentin<\/p>","protected":false},"excerpt":{"rendered":"<p>Set de 2 cache-pots en Bois laqu\u00e9 Rouge.<\/p>\n<p>Une couleur flash pour mettre en valeur vos fleurs ou plantes en pot, \u00e0 poser dans un salon ou une salle \u00e0 manger.<\/p>\n<p>H 22 cm; 10 x 10 cm<\/p>\n<p>H 26 cm; 14 x 14 cm<\/p>","protected":false},"featured_media":16956,"template":"","meta":{"_et_pb_use_builder":"","_et_pb_old_content":"","_et_gb_content_width":""},"product_brand":[],"product_cat":[7413,7412,7406],"product_tag":[8046,8421,7995,8052,8422,8098,8266],"class_list":{"0":"post-13386","1":"product","2":"type-product","3":"status-publish","4":"has-post-thumbnail","6":"product_cat-deco-bois","7":"product_cat-deco-feu","8":"product_cat-tous-les-produits","9":"product_tag-bois","10":"product_tag-cachet-pot","11":"product_tag-deco","12":"product_tag-fleurs","13":"product_tag-plantes","14":"product_tag-rouge","15":"product_tag-vase","17":"first","18":"instock","19":"taxable","20":"shipping-taxable","21":"purchasable","22":"product-type-simple"},"aioseo_notices":[],"_links":{"self":[{"href":"https:\/\/arqitecture.fr\/en\/wp-json\/wp\/v2\/product\/13386","targetHints":{"allow":["GET"]}}],"collection":[{"href":"https:\/\/arqitecture.fr\/en\/wp-json\/wp\/v2\/product"}],"about":[{"href":"https:\/\/arqitecture.fr\/en\/wp-json\/wp\/v2\/types\/product"}],"wp:featuredmedia":[{"embeddable":true,"href":"https:\/\/arqitecture.fr\/en\/wp-json\/wp\/v2\/media\/16956"}],"wp:attachment":[{"href":"https:\/\/arqitecture.fr\/en\/wp-json\/wp\/v2\/media?parent=13386"}],"wp:term":[{"taxonomy":"product_brand","embeddable":true,"href":"https:\/\/arqitecture.fr\/en\/wp-json\/wp\/v2\/product_brand?post=13386"},{"taxonomy":"product_cat","embeddable":true,"href":"https:\/\/arqitecture.fr\/en\/wp-json\/wp\/v2\/product_cat?post=13386"},{"taxonomy":"product_tag","embeddable":true,"href":"https:\/\/arqitecture.fr\/en\/wp-json\/wp\/v2\/product_tag?post=13386"}],"curies":[{"name":"wp","href":"https:\/\/api.w.org\/{rel}","templated":true}]}}