{"id":13380,"date":"2024-03-12T11:32:52","date_gmt":"2024-03-12T10:32:52","guid":{"rendered":"https:\/\/site-test.jd-web-et-design.fr\/produit\/pomme-rouge-decoratio-ceramique-objet\/"},"modified":"2025-10-03T15:11:20","modified_gmt":"2025-10-03T13:11:20","slug":"pomme-rouge-decoration-ceramique-objet","status":"publish","type":"product","link":"https:\/\/arqitecture.fr\/en\/product\/pomme-rouge-decoration-ceramique-objet\/","title":{"rendered":"Sculpture Pomme Rouge H21cm, C\u00e9ramique"},"content":{"rendered":"<p>\u25ba Elle fera le plus bel effet \u263c sur une table, une console, un meuble bas ou encore sur une \u00e9tag\u00e8re<\/p>\n<p>\u25ba Pour une touche rouge \u00e0 sa d\u00e9co<\/p>\n<p>\u25ba Ambiance nature et \u00e9nergique<\/p>\n<p>\u25ba D\u00e9coration de table, cuisine, salle \u00e0 manger ou salon<\/p>\n<p>\u25ba Cadeau pour une cr\u00e9maill\u00e8re, de remerciements, d&rsquo;anniversaire ou f\u00eate des M\u00e8res<\/p>\n<p>&nbsp;<\/p>\n<p>La pomme est l&rsquo;image de la f\u00e9minit\u00e9 et de la volupt\u00e9.<\/p>\n<p>Avoir une pomme sur une table est un signe d&rsquo;hospitalit\u00e9.<\/p>","protected":false},"excerpt":{"rendered":"<p>Eclatante pomme rouge vif pour d\u00e9corer votre int\u00e9rieur.<\/p>\n<p>Une objet des plus tendance qui pourra apporter une touche gourmande \u00e0 votre table.<\/p>\n<p>In red lacquered ceramic.<\/p>\n<p>H 21 cm<\/p>\n<p>&nbsp;<\/p>","protected":false},"featured_media":19546,"template":"","meta":{"_et_pb_use_builder":"","_et_pb_old_content":"","_et_gb_content_width":""},"product_brand":[],"product_cat":[7413,7412,7415,7406],"product_tag":[8117,7995,7992,8099,8098,8100],"class_list":{"0":"post-13380","1":"product","2":"type-product","3":"status-publish","4":"has-post-thumbnail","6":"product_cat-deco-bois","7":"product_cat-deco-feu","8":"product_cat-deco-terre","9":"product_cat-tous-les-produits","10":"product_tag-ceramique","11":"product_tag-deco","12":"product_tag-decoration","13":"product_tag-pomme","14":"product_tag-rouge","15":"product_tag-table","17":"first","18":"instock","19":"taxable","20":"shipping-taxable","21":"product-type-simple"},"aioseo_notices":[],"_links":{"self":[{"href":"https:\/\/arqitecture.fr\/en\/wp-json\/wp\/v2\/product\/13380","targetHints":{"allow":["GET"]}}],"collection":[{"href":"https:\/\/arqitecture.fr\/en\/wp-json\/wp\/v2\/product"}],"about":[{"href":"https:\/\/arqitecture.fr\/en\/wp-json\/wp\/v2\/types\/product"}],"wp:featuredmedia":[{"embeddable":true,"href":"https:\/\/arqitecture.fr\/en\/wp-json\/wp\/v2\/media\/19546"}],"wp:attachment":[{"href":"https:\/\/arqitecture.fr\/en\/wp-json\/wp\/v2\/media?parent=13380"}],"wp:term":[{"taxonomy":"product_brand","embeddable":true,"href":"https:\/\/arqitecture.fr\/en\/wp-json\/wp\/v2\/product_brand?post=13380"},{"taxonomy":"product_cat","embeddable":true,"href":"https:\/\/arqitecture.fr\/en\/wp-json\/wp\/v2\/product_cat?post=13380"},{"taxonomy":"product_tag","embeddable":true,"href":"https:\/\/arqitecture.fr\/en\/wp-json\/wp\/v2\/product_tag?post=13380"}],"curies":[{"name":"wp","href":"https:\/\/api.w.org\/{rel}","templated":true}]}}