{"id":13314,"date":"2024-03-05T11:32:17","date_gmt":"2024-03-05T10:32:17","guid":{"rendered":"https:\/\/site-test.jd-web-et-design.fr\/produit\/vase-deco-tendance-ceramique-vert\/"},"modified":"2024-10-28T16:35:39","modified_gmt":"2024-10-28T15:35:39","slug":"vase-deco-tendance-ceramique-vert","status":"publish","type":"product","link":"https:\/\/arqitecture.fr\/en\/product\/vase-deco-tendance-ceramique-vert\/","title":{"rendered":"Vase G\u00e9om\u00e9trique ondes d&rsquo;eau 2 tailles au choix, C\u00e9ramique \u00e9maill\u00e9e verte"},"content":{"rendered":"<p>Sold separately<\/p>\n<p>\u25ba Il fera le plus bel effet \u263c sur une table basse, un buffet, une commode ou un plan de travail<\/p>\n<p>\u25ba Pour une touche moderne<\/p>\n<p>\u25ba D\u00e9coration de salon, salle \u00e0 manger, bureau ou cuisine<\/p>\n<p>\u25ba Cadeau id\u00e9al pour les amateurs de jardin et passionn\u00e9s de nature<\/p>","protected":false},"excerpt":{"rendered":"<p>A very pretty vase in shiny green ceramic with enameled finishes to highlight a contemporary decorative touch and your most beautiful flowers of the day.<\/p>\n<p>High quality materials, a work of art that can be given as a wedding, thank you, birthday or Christmas gift.<\/p>\n<p>&nbsp;<\/p>","protected":false},"featured_media":16537,"template":"","meta":{"_et_pb_use_builder":"","_et_pb_old_content":"","_et_gb_content_width":""},"product_brand":[],"product_cat":[7413,7415,7406],"product_tag":[8271,8756,8728,8776,8064,8325,8117,8764,7995,7992,7994,8774,8755,8352,8762,8775,8387,8266,8024],"class_list":{"0":"post-13314","1":"product","2":"type-product","3":"status-publish","4":"has-post-thumbnail","6":"product_cat-deco-bois","7":"product_cat-deco-terre","8":"product_cat-tous-les-produits","9":"product_tag-ambiance","10":"product_tag-apaisant","11":"product_tag-art","12":"product_tag-bars","13":"product_tag-cadeau","14":"product_tag-calme","15":"product_tag-ceramique","16":"product_tag-chaleureux","17":"product_tag-deco","18":"product_tag-decoration","19":"product_tag-feng-shui","20":"product_tag-hotels","21":"product_tag-luminosite","22":"product_tag-nature","23":"product_tag-oeuvre","24":"product_tag-restaurants","25":"product_tag-tendance","26":"product_tag-vase","27":"product_tag-zen","28":"pa_dimensions-l16x9x34cm","29":"pa_dimensions-l17x9xh40cm","31":"first","32":"instock","33":"taxable","34":"shipping-taxable","35":"purchasable","36":"product-type-variable","37":"has-default-attributes"},"aioseo_notices":[],"_links":{"self":[{"href":"https:\/\/arqitecture.fr\/en\/wp-json\/wp\/v2\/product\/13314","targetHints":{"allow":["GET"]}}],"collection":[{"href":"https:\/\/arqitecture.fr\/en\/wp-json\/wp\/v2\/product"}],"about":[{"href":"https:\/\/arqitecture.fr\/en\/wp-json\/wp\/v2\/types\/product"}],"wp:featuredmedia":[{"embeddable":true,"href":"https:\/\/arqitecture.fr\/en\/wp-json\/wp\/v2\/media\/16537"}],"wp:attachment":[{"href":"https:\/\/arqitecture.fr\/en\/wp-json\/wp\/v2\/media?parent=13314"}],"wp:term":[{"taxonomy":"product_brand","embeddable":true,"href":"https:\/\/arqitecture.fr\/en\/wp-json\/wp\/v2\/product_brand?post=13314"},{"taxonomy":"product_cat","embeddable":true,"href":"https:\/\/arqitecture.fr\/en\/wp-json\/wp\/v2\/product_cat?post=13314"},{"taxonomy":"product_tag","embeddable":true,"href":"https:\/\/arqitecture.fr\/en\/wp-json\/wp\/v2\/product_tag?post=13314"}],"curies":[{"name":"wp","href":"https:\/\/api.w.org\/{rel}","templated":true}]}}