{"id":13200,"date":"2024-03-09T11:31:04","date_gmt":"2024-03-09T10:31:04","guid":{"rendered":"https:\/\/site-test.jd-web-et-design.fr\/produit\/boule-decoration-terre-deco-metal\/"},"modified":"2024-10-25T17:02:55","modified_gmt":"2024-10-25T15:02:55","slug":"boule-decoration-terre-deco-metal","status":"publish","type":"product","link":"https:\/\/arqitecture.fr\/en\/product\/boule-decoration-terre-deco-metal\/","title":{"rendered":"Boule trou\u00e9e 2 tailles, c\u00e9ramique argent\u00e9"},"content":{"rendered":"<p>\u25ba Elle fera le plus bel effet \u263c sur une table ou \u00e0 m\u00eame le sol<\/p>\n<p>\u25ba Pour une atmosph\u00e8re design<\/p>\n<p>\u25ba Pour d\u00e9corer une entr\u00e9e, un bureau, une cuisine, un salon, un salle \u00e0 manger, dans une v\u00e9randa ou terrasse<\/p>\n<p>\u25ba Cadeau de remerciements, de St Valentin ou d&rsquo;invitation \u00e0 diner<\/p>\n<p>\u25ba Pour agr\u00e9menter une d\u00e9coration de mariage<\/p>","protected":false},"excerpt":{"rendered":"<p>Boule d\u00e9corative en c\u00e9ramique finition par immersion dans une solution m\u00e9tallique.<\/p>\n<p>Elle diffuse la lumi\u00e8re de votre int\u00e9rieur comme un miroir.<\/p>\n<p><span style=\"text-decoration: underline;\">2 sizes to choose from<\/span> :<\/p>","protected":false},"featured_media":17106,"template":"","meta":{"_et_pb_use_builder":"","_et_pb_old_content":"","_et_gb_content_width":""},"product_brand":[],"product_cat":[7415,7406],"product_tag":[],"class_list":{"0":"post-13200","1":"product","2":"type-product","3":"status-publish","4":"has-post-thumbnail","6":"product_cat-deco-terre","7":"product_cat-tous-les-produits","8":"pa_dimensions-h13xd16cm","9":"pa_dimensions-h15xd20cm","11":"first","12":"instock","13":"taxable","14":"shipping-taxable","15":"purchasable","16":"product-type-variable","17":"has-default-attributes"},"aioseo_notices":[],"_links":{"self":[{"href":"https:\/\/arqitecture.fr\/en\/wp-json\/wp\/v2\/product\/13200","targetHints":{"allow":["GET"]}}],"collection":[{"href":"https:\/\/arqitecture.fr\/en\/wp-json\/wp\/v2\/product"}],"about":[{"href":"https:\/\/arqitecture.fr\/en\/wp-json\/wp\/v2\/types\/product"}],"wp:featuredmedia":[{"embeddable":true,"href":"https:\/\/arqitecture.fr\/en\/wp-json\/wp\/v2\/media\/17106"}],"wp:attachment":[{"href":"https:\/\/arqitecture.fr\/en\/wp-json\/wp\/v2\/media?parent=13200"}],"wp:term":[{"taxonomy":"product_brand","embeddable":true,"href":"https:\/\/arqitecture.fr\/en\/wp-json\/wp\/v2\/product_brand?post=13200"},{"taxonomy":"product_cat","embeddable":true,"href":"https:\/\/arqitecture.fr\/en\/wp-json\/wp\/v2\/product_cat?post=13200"},{"taxonomy":"product_tag","embeddable":true,"href":"https:\/\/arqitecture.fr\/en\/wp-json\/wp\/v2\/product_tag?post=13200"}],"curies":[{"name":"wp","href":"https:\/\/api.w.org\/{rel}","templated":true}]}}