{"id":13173,"date":"2024-06-01T11:30:47","date_gmt":"2024-06-01T09:30:47","guid":{"rendered":"https:\/\/site-test.jd-web-et-design.fr\/produit\/lampe-table-arbre-decoration-feng-shui-branche\/"},"modified":"2024-10-31T10:00:55","modified_gmt":"2024-10-31T09:00:55","slug":"lampe-table-arbre-decoration-feng-shui-branche","status":"publish","type":"product","link":"https:\/\/arqitecture.fr\/en\/product\/lampe-table-arbre-decoration-feng-shui-branche\/","title":{"rendered":"Lampe de table Arbre pied bois et abat-jour blanc H40cm"},"content":{"rendered":"<p>\u25ba Elle attirera tous les regards<\/p>\n<p>\u25ba Ajoutera de la clart\u00e9 \u00e0 votre int\u00e9rieur<\/p>\n<p>\u25ba Style nature<\/p>\n<p>\u25ba D\u00e9coration de salon ou de bureau<\/p>\n<p>\u25ba Id\u00e9e cadeau-d\u00e9co pour mariage, anniversaire ou cr\u00e9maill\u00e8re<\/p>\n<p>\u25ba Pour agr\u00e9menter la d\u00e9coration d&rsquo;un bar, caf\u00e9, h\u00f4tel\u2026<\/p>","protected":false},"excerpt":{"rendered":"<p>Une lampe nature avec son pied en bois repr\u00e9sentant une branche. <\/p>\n<p>Abat-jour rectangle en tissu blanc mat cr\u00e9e une lumi\u00e8re agr\u00e9able.<\/p>\n<p>35 x 14 x 50 cm<\/p>\n<p>E27 bulb, 11W 50-60Hz<\/p>","protected":false},"featured_media":17082,"template":"","meta":{"_et_pb_use_builder":"","_et_pb_old_content":"","_et_gb_content_width":""},"product_brand":[],"product_cat":[7413,7412,7406],"product_tag":[],"class_list":{"0":"post-13173","1":"product","2":"type-product","3":"status-publish","4":"has-post-thumbnail","6":"product_cat-deco-bois","7":"product_cat-deco-feu","8":"product_cat-tous-les-produits","10":"first","11":"instock","12":"sale","13":"taxable","14":"shipping-taxable","15":"purchasable","16":"product-type-simple"},"aioseo_notices":[],"_links":{"self":[{"href":"https:\/\/arqitecture.fr\/en\/wp-json\/wp\/v2\/product\/13173","targetHints":{"allow":["GET"]}}],"collection":[{"href":"https:\/\/arqitecture.fr\/en\/wp-json\/wp\/v2\/product"}],"about":[{"href":"https:\/\/arqitecture.fr\/en\/wp-json\/wp\/v2\/types\/product"}],"wp:featuredmedia":[{"embeddable":true,"href":"https:\/\/arqitecture.fr\/en\/wp-json\/wp\/v2\/media\/17082"}],"wp:attachment":[{"href":"https:\/\/arqitecture.fr\/en\/wp-json\/wp\/v2\/media?parent=13173"}],"wp:term":[{"taxonomy":"product_brand","embeddable":true,"href":"https:\/\/arqitecture.fr\/en\/wp-json\/wp\/v2\/product_brand?post=13173"},{"taxonomy":"product_cat","embeddable":true,"href":"https:\/\/arqitecture.fr\/en\/wp-json\/wp\/v2\/product_cat?post=13173"},{"taxonomy":"product_tag","embeddable":true,"href":"https:\/\/arqitecture.fr\/en\/wp-json\/wp\/v2\/product_tag?post=13173"}],"curies":[{"name":"wp","href":"https:\/\/api.w.org\/{rel}","templated":true}]}}