{"id":13169,"date":"2024-05-09T11:30:44","date_gmt":"2024-05-09T09:30:44","guid":{"rendered":"https:\/\/site-test.jd-web-et-design.fr\/produit\/porte-photos-decoration\/"},"modified":"2024-09-23T14:28:56","modified_gmt":"2024-09-23T12:28:56","slug":"porte-photos-x5-cadres-h-71-cm-bois-fonce","status":"publish","type":"product","link":"https:\/\/arqitecture.fr\/en\/product\/porte-photos-x5-cadres-h-71-cm-bois-fonce\/","title":{"rendered":"Photo holder x5 frames H 71 cm, Dark wood"},"content":{"rendered":"<p>\u25ba \u263c Fera le plus bel effet sur une console ou buffet<\/p>\n<p>\u25ba Contemporary and soothing atmosphere<\/p>\n<p>\u25ba D\u00e9coration de salon, entr\u00e9e, bureau ou chambre<\/p>\n<p>\u25ba Cadeau de cr\u00e9maill\u00e8re, St Valentin, d&rsquo;anniversaire ou f\u00eates<\/p>","protected":false},"excerpt":{"rendered":"<p>Gr\u00e2ce \u00e0 ses 5 cadres, ce porte-photos sur socle permet de personnaliser votre d\u00e9coration.<\/p>\n<p>A poser sur un meuble \u00e0 la maison ou au bureau.<\/p>\n<p>Cadres photos en bois weng\u00e9<\/p>\n<p>Socle en bois laqu\u00e9 blanc<\/p>\n<p>71 x 33 cm<\/p>","protected":false},"featured_media":17080,"template":"","meta":{"_et_pb_use_builder":"","_et_pb_old_content":"","_et_gb_content_width":""},"product_brand":[],"product_cat":[7413,7406],"product_tag":[],"class_list":{"0":"post-13169","1":"product","2":"type-product","3":"status-publish","4":"has-post-thumbnail","6":"product_cat-deco-bois","7":"product_cat-tous-les-produits","9":"first","10":"instock","11":"taxable","12":"shipping-taxable","13":"purchasable","14":"product-type-simple"},"aioseo_notices":[],"_links":{"self":[{"href":"https:\/\/arqitecture.fr\/en\/wp-json\/wp\/v2\/product\/13169","targetHints":{"allow":["GET"]}}],"collection":[{"href":"https:\/\/arqitecture.fr\/en\/wp-json\/wp\/v2\/product"}],"about":[{"href":"https:\/\/arqitecture.fr\/en\/wp-json\/wp\/v2\/types\/product"}],"wp:featuredmedia":[{"embeddable":true,"href":"https:\/\/arqitecture.fr\/en\/wp-json\/wp\/v2\/media\/17080"}],"wp:attachment":[{"href":"https:\/\/arqitecture.fr\/en\/wp-json\/wp\/v2\/media?parent=13169"}],"wp:term":[{"taxonomy":"product_brand","embeddable":true,"href":"https:\/\/arqitecture.fr\/en\/wp-json\/wp\/v2\/product_brand?post=13169"},{"taxonomy":"product_cat","embeddable":true,"href":"https:\/\/arqitecture.fr\/en\/wp-json\/wp\/v2\/product_cat?post=13169"},{"taxonomy":"product_tag","embeddable":true,"href":"https:\/\/arqitecture.fr\/en\/wp-json\/wp\/v2\/product_tag?post=13169"}],"curies":[{"name":"wp","href":"https:\/\/api.w.org\/{rel}","templated":true}]}}