{"id":13165,"date":"2024-05-09T11:30:41","date_gmt":"2024-05-09T09:30:41","guid":{"rendered":"https:\/\/site-test.jd-web-et-design.fr\/produit\/porte-photos-decoration-socle-5-bois\/"},"modified":"2024-09-17T11:30:00","modified_gmt":"2024-09-17T09:30:00","slug":"porte-photos-decoration-socle-5-bois","status":"publish","type":"product","link":"https:\/\/arqitecture.fr\/en\/product\/porte-photos-decoration-socle-5-bois\/","title":{"rendered":"Porte-photos x5 cadres L71cm, en Bois clair"},"content":{"rendered":"<p><a href=\"https:\/\/www.facebook.com\/photo.php?fbid=10151276744105067&amp;set=a.10150417558735067.407554.40377720066&amp;type=3&amp;theater\" target=\"_blank\" rel=\"noopener\"><strong>Click here to see the presentation photo<\/strong><\/a><\/p>\n<p>\u25ba \u263c Fera le plus bel effet sur une console ou buffet<\/p>\n<p>\u25ba Contemporary and soothing atmosphere<\/p>\n<p>\u25ba D\u00e9coration de salon, entr\u00e9e, bureau ou chambre<\/p>\n<p>\u25ba Cadeau de cr\u00e9maill\u00e8re, St Valentin, d&rsquo;anniversaire ou f\u00eates<\/p>","protected":false},"excerpt":{"rendered":"<p>Porte-photos en bois clair sur socle en bois laqu\u00e9 blanc.<\/p>\n<p>Gr\u00e2ce \u00e0 ses 5 cadres, ce porte photos permet de personnaliser votre d\u00e9coration.<\/p>\n<p>To place on a piece of furniture.<\/p>\n<p>Photo 10 x 15 cm<\/p>\n<p>L71 x H33 cm<\/p>","protected":false},"featured_media":17078,"template":"","meta":{"_et_pb_use_builder":"","_et_pb_old_content":"","_et_gb_content_width":""},"product_brand":[],"product_cat":[7413,7406],"product_tag":[8367,8046,7995,8366,8174],"class_list":{"0":"post-13165","1":"product","2":"type-product","3":"status-publish","4":"has-post-thumbnail","6":"product_cat-deco-bois","7":"product_cat-tous-les-produits","8":"product_tag-5-photos","9":"product_tag-bois","10":"product_tag-deco","11":"product_tag-porte-photos","12":"product_tag-socle","14":"first","15":"instock","16":"taxable","17":"shipping-taxable","18":"purchasable","19":"product-type-simple"},"aioseo_notices":[],"_links":{"self":[{"href":"https:\/\/arqitecture.fr\/en\/wp-json\/wp\/v2\/product\/13165","targetHints":{"allow":["GET"]}}],"collection":[{"href":"https:\/\/arqitecture.fr\/en\/wp-json\/wp\/v2\/product"}],"about":[{"href":"https:\/\/arqitecture.fr\/en\/wp-json\/wp\/v2\/types\/product"}],"wp:featuredmedia":[{"embeddable":true,"href":"https:\/\/arqitecture.fr\/en\/wp-json\/wp\/v2\/media\/17078"}],"wp:attachment":[{"href":"https:\/\/arqitecture.fr\/en\/wp-json\/wp\/v2\/media?parent=13165"}],"wp:term":[{"taxonomy":"product_brand","embeddable":true,"href":"https:\/\/arqitecture.fr\/en\/wp-json\/wp\/v2\/product_brand?post=13165"},{"taxonomy":"product_cat","embeddable":true,"href":"https:\/\/arqitecture.fr\/en\/wp-json\/wp\/v2\/product_cat?post=13165"},{"taxonomy":"product_tag","embeddable":true,"href":"https:\/\/arqitecture.fr\/en\/wp-json\/wp\/v2\/product_tag?post=13165"}],"curies":[{"name":"wp","href":"https:\/\/api.w.org\/{rel}","templated":true}]}}