{"id":13159,"date":"2024-05-10T11:30:37","date_gmt":"2024-05-10T09:30:37","guid":{"rendered":"https:\/\/site-test.jd-web-et-design.fr\/produit\/cadre-photos-decoration\/"},"modified":"2024-09-17T11:19:18","modified_gmt":"2024-09-17T09:19:18","slug":"cadre-photos-decoration-2","status":"publish","type":"product","link":"https:\/\/arqitecture.fr\/en\/product\/cadre-photos-decoration-2\/","title":{"rendered":"Cadre photos mural gris x6, Bois"},"content":{"rendered":"<p><strong><a href=\"https:\/\/www.facebook.com\/photo.php?fbid=10151223483120067&amp;set=a.10150417558735067.407554.40377720066&amp;type=3&amp;theater\" target=\"_blank\" rel=\"noopener\">Click here to see the photo in presentation<\/a><\/strong><\/p>\n<p>\u25ba \u263c Fera le plus bel effet accroch\u00e9 au mur<\/p>\n<p>\u25ba Style nordique<\/p>\n<p>\u25ba D\u00e9coration de salon, entr\u00e9e ou bureau<\/p>\n<p>\u25ba Cadeau de cr\u00e9maill\u00e8re, St Valentin, d&rsquo;anniversaire ou f\u00eates<\/p>","protected":false},"excerpt":{"rendered":"<p>Thanks to its 6 frames, this photo holder allows you to personalize your wall decoration.<\/p>\n<p>En bois teint\u00e9 gris<\/p>\n<p>Photo 10 x 15 cm<\/p>\n<p>L71 x H33 cm<\/p>\n<p>&nbsp;<\/p>","protected":false},"featured_media":17074,"template":"","meta":{"_et_pb_use_builder":"","_et_pb_old_content":"","_et_gb_content_width":""},"product_brand":[],"product_cat":[7413,7406],"product_tag":[],"class_list":{"0":"post-13159","1":"product","2":"type-product","3":"status-publish","4":"has-post-thumbnail","6":"product_cat-deco-bois","7":"product_cat-tous-les-produits","9":"first","10":"instock","11":"taxable","12":"shipping-taxable","13":"purchasable","14":"product-type-simple"},"aioseo_notices":[],"_links":{"self":[{"href":"https:\/\/arqitecture.fr\/en\/wp-json\/wp\/v2\/product\/13159","targetHints":{"allow":["GET"]}}],"collection":[{"href":"https:\/\/arqitecture.fr\/en\/wp-json\/wp\/v2\/product"}],"about":[{"href":"https:\/\/arqitecture.fr\/en\/wp-json\/wp\/v2\/types\/product"}],"wp:featuredmedia":[{"embeddable":true,"href":"https:\/\/arqitecture.fr\/en\/wp-json\/wp\/v2\/media\/17074"}],"wp:attachment":[{"href":"https:\/\/arqitecture.fr\/en\/wp-json\/wp\/v2\/media?parent=13159"}],"wp:term":[{"taxonomy":"product_brand","embeddable":true,"href":"https:\/\/arqitecture.fr\/en\/wp-json\/wp\/v2\/product_brand?post=13159"},{"taxonomy":"product_cat","embeddable":true,"href":"https:\/\/arqitecture.fr\/en\/wp-json\/wp\/v2\/product_cat?post=13159"},{"taxonomy":"product_tag","embeddable":true,"href":"https:\/\/arqitecture.fr\/en\/wp-json\/wp\/v2\/product_tag?post=13159"}],"curies":[{"name":"wp","href":"https:\/\/api.w.org\/{rel}","templated":true}]}}