{"id":13091,"date":"2024-05-01T11:29:53","date_gmt":"2024-05-01T09:29:53","guid":{"rendered":"https:\/\/site-test.jd-web-et-design.fr\/produit\/cadre-vegetal-stabilise-carre-plantes-decoration-maison-feng-shui-2\/"},"modified":"2024-09-17T11:32:39","modified_gmt":"2024-09-17T09:32:39","slug":"cadre-vegetal-stabilise-carre-plantes-decoration-maison-feng-shui-2","status":"publish","type":"product","link":"https:\/\/arqitecture.fr\/en\/product\/cadre-vegetal-stabilise-carre-plantes-decoration-maison-feng-shui-2\/","title":{"rendered":"Tableau v\u00e9g\u00e9taux stabilis\u00e9s Carr\u00e9 Nature 55cm"},"content":{"rendered":"<p>They result from a unique plant preservation process, based on the substitution of sap with a liquid mixture based on glycerin, water and food colorings.<\/p>\n<p>This treatment allows these plants to retain their natural suppleness and freshness without any maintenance.<\/p>\n<p>This stabilized plant panel requires no watering, no light or temperature conditions and its lifespan is around 10 years.<\/p>\n<p>Composition: Vegetable moss, leather fern, ming and hedera ivy<\/p>\n<p>Made in France<\/p>","protected":false},"excerpt":{"rendered":"<div class=\"et_pb_module et_pb_wc_description et_pb_wc_description_0_tb_body et_pb_bg_layout_light et_pb_text_align_left\">\n<div class=\"et_pb_module_inner\">\n<p>This stabilized plant table requires no watering, no light or temperature conditions and its duration will last for years.<\/p>\n<p>Composition: Vegetable moss, leather fern, ming and hedera ivy<\/p>\n<p>Made in France<\/p>\n<p>55cm x 55cm<\/p>\n<\/div>\n<\/div>","protected":false},"featured_media":17102,"template":"","meta":{"_et_pb_use_builder":"","_et_pb_old_content":"","_et_gb_content_width":""},"product_brand":[],"product_cat":[7413,7406],"product_tag":[8271,8756,8728,8754,8776,8064,8805,8325,8329,8764,7995,7992,8015,8227,8791,7994,8052,8774,8806,8674,8352,8762,8792,8775,8787,8226,8014,8807,8024],"class_list":{"0":"post-13091","1":"product","2":"type-product","3":"status-publish","4":"has-post-thumbnail","6":"product_cat-deco-bois","7":"product_cat-tous-les-produits","8":"product_tag-ambiance","9":"product_tag-apaisant","10":"product_tag-art","11":"product_tag-art-mural","12":"product_tag-bars","13":"product_tag-cadeau","14":"product_tag-cadre-vegetal","15":"product_tag-calme","16":"product_tag-carre","17":"product_tag-chaleureux","18":"product_tag-deco","19":"product_tag-decoration","20":"product_tag-decoration-murale","21":"product_tag-design","22":"product_tag-detente","23":"product_tag-feng-shui","24":"product_tag-fleurs","25":"product_tag-hotels","26":"product_tag-mousse","27":"product_tag-mur-decoration","28":"product_tag-nature","29":"product_tag-oeuvre","30":"product_tag-repos","31":"product_tag-restaurants","32":"product_tag-salle-dattente","33":"product_tag-stabilise","34":"product_tag-tableau","35":"product_tag-verdure","36":"product_tag-zen","38":"first","39":"instock","40":"sale","41":"taxable","42":"shipping-taxable","43":"purchasable","44":"product-type-simple"},"aioseo_notices":[],"_links":{"self":[{"href":"https:\/\/arqitecture.fr\/en\/wp-json\/wp\/v2\/product\/13091","targetHints":{"allow":["GET"]}}],"collection":[{"href":"https:\/\/arqitecture.fr\/en\/wp-json\/wp\/v2\/product"}],"about":[{"href":"https:\/\/arqitecture.fr\/en\/wp-json\/wp\/v2\/types\/product"}],"wp:featuredmedia":[{"embeddable":true,"href":"https:\/\/arqitecture.fr\/en\/wp-json\/wp\/v2\/media\/17102"}],"wp:attachment":[{"href":"https:\/\/arqitecture.fr\/en\/wp-json\/wp\/v2\/media?parent=13091"}],"wp:term":[{"taxonomy":"product_brand","embeddable":true,"href":"https:\/\/arqitecture.fr\/en\/wp-json\/wp\/v2\/product_brand?post=13091"},{"taxonomy":"product_cat","embeddable":true,"href":"https:\/\/arqitecture.fr\/en\/wp-json\/wp\/v2\/product_cat?post=13091"},{"taxonomy":"product_tag","embeddable":true,"href":"https:\/\/arqitecture.fr\/en\/wp-json\/wp\/v2\/product_tag?post=13091"}],"curies":[{"name":"wp","href":"https:\/\/api.w.org\/{rel}","templated":true}]}}