{"id":13057,"date":"2024-03-23T15:51:56","date_gmt":"2024-03-23T14:51:56","guid":{"rendered":"https:\/\/site-test.jd-web-et-design.fr\/produit\/bague-turquoise-bijoux-decoration-magasin-feng-shui\/"},"modified":"2024-10-30T13:48:21","modified_gmt":"2024-10-30T12:48:21","slug":"bague-turquoise-bijoux-decoration-magasin-feng-shui","status":"publish","type":"product","link":"https:\/\/arqitecture.fr\/en\/product\/bague-turquoise-bijoux-decoration-magasin-feng-shui\/","title":{"rendered":"Bague Turquoise ronde"},"content":{"rendered":"<p>\u25ba Elle fera le plus bel effet \u00e0 votre main<\/p>\n<p>\u25ba Favorise l&rsquo;\u00e9quilibre sensoriel<\/p>\n<p>\u25ba Pour une touche de charme \u00e0 votre tenue<\/p>\n<p>\u25ba Cadeau id\u00e9al pour les amateurs ou passionn\u00e9s de pierre pr\u00e9cieuse<\/p>\n<p>\u25ba Cadeau pour une St Valentin, un anniversaire, une f\u00eates ou un mariage<\/p>\n<p>&nbsp;<\/p>\n<p>Consid\u00e9r\u00e9e pour attirer l&rsquo;argent, le succ\u00e8s et l&rsquo;amour, la turquoise est une pierre d&rsquo;amiti\u00e9 dans de nombreuses cultures.<\/p>\n<p>Les Am\u00e9rindiens associaient les couleurs de la pierre turquoise avec le bleu du ciel et la terre verte.<\/p>\n<p>Il est encore aujourd&rsquo;hui consid\u00e9r\u00e9 par beaucoup comme \u00e9tant symbolique de la source de l&rsquo;humanit\u00e9 dans la nature.<\/p>","protected":false},"excerpt":{"rendered":"<p>Silver ring that incorporates a round Turquoise. On both sides volutes (spiral shapes) which form a flame. The ultimate feminine touch!<\/p>\n<p>size 62 or 19.74 mm<\/p>\n<p>Provenance : Mexique<\/p>","protected":false},"featured_media":13053,"template":"","meta":{"_et_pb_use_builder":"","_et_pb_old_content":"","_et_gb_content_width":""},"product_brand":[],"product_cat":[7415,7406],"product_tag":[8193,8296,8334,8129,8164,8335,8349],"class_list":{"0":"post-13057","1":"product","2":"type-product","3":"status-publish","4":"has-post-thumbnail","6":"product_cat-deco-terre","7":"product_cat-tous-les-produits","8":"product_tag-argent","9":"product_tag-bague","10":"product_tag-beaute","11":"product_tag-bijoux","12":"product_tag-main","13":"product_tag-soiree","14":"product_tag-turquoise-ronde","16":"first","17":"instock","18":"taxable","19":"shipping-taxable","20":"purchasable","21":"product-type-simple"},"aioseo_notices":[],"_links":{"self":[{"href":"https:\/\/arqitecture.fr\/en\/wp-json\/wp\/v2\/product\/13057","targetHints":{"allow":["GET"]}}],"collection":[{"href":"https:\/\/arqitecture.fr\/en\/wp-json\/wp\/v2\/product"}],"about":[{"href":"https:\/\/arqitecture.fr\/en\/wp-json\/wp\/v2\/types\/product"}],"wp:featuredmedia":[{"embeddable":true,"href":"https:\/\/arqitecture.fr\/en\/wp-json\/wp\/v2\/media\/13053"}],"wp:attachment":[{"href":"https:\/\/arqitecture.fr\/en\/wp-json\/wp\/v2\/media?parent=13057"}],"wp:term":[{"taxonomy":"product_brand","embeddable":true,"href":"https:\/\/arqitecture.fr\/en\/wp-json\/wp\/v2\/product_brand?post=13057"},{"taxonomy":"product_cat","embeddable":true,"href":"https:\/\/arqitecture.fr\/en\/wp-json\/wp\/v2\/product_cat?post=13057"},{"taxonomy":"product_tag","embeddable":true,"href":"https:\/\/arqitecture.fr\/en\/wp-json\/wp\/v2\/product_tag?post=13057"}],"curies":[{"name":"wp","href":"https:\/\/api.w.org\/{rel}","templated":true}]}}