{"id":13052,"date":"2024-03-23T12:27:04","date_gmt":"2024-03-23T11:27:04","guid":{"rendered":"https:\/\/site-test.jd-web-et-design.fr\/produit\/bague-tourmaline-bijoux-decoration-magasin-feng-shui\/"},"modified":"2024-10-30T13:57:24","modified_gmt":"2024-10-30T12:57:24","slug":"bague-tourmaline-bijoux-decoration-magasin-feng-shui","status":"publish","type":"product","link":"https:\/\/arqitecture.fr\/en\/product\/bague-tourmaline-bijoux-decoration-magasin-feng-shui\/","title":{"rendered":"Bague Tourmaline ovale"},"content":{"rendered":"<p>\u25ba Elle fera le plus bel effet \u00e0 votre main<\/p>\n<p>\u25ba Favorise l&rsquo;\u00e9quilibre \u00e9motionnel<\/p>\n<p>\u25ba Pour une touche de charme \u00e0 votre tenue<\/p>\n<p>\u25ba Cadeau id\u00e9al pour les amateurs ou passionn\u00e9s de pierre pr\u00e9cieuse<\/p>\n<p>\u25ba Cadeau pour une St Valentin, un anniversaire, une f\u00eates ou un mariage<\/p>\n<p>Tourmaline helps strengthen both body and mind. It is believed to attract inspiration and aid concentration, encourage balance and promote understanding. It is also believed to help calm nerves, pain, promote balance and self-confidence.<\/p>","protected":false},"excerpt":{"rendered":"<p>Bague en argent sertie d&rsquo;une Tourmaline ovale (couleur bordeaux). <\/p>\n<p>A la fois rock et chic!<\/p>\n<p>size 56 or 17.83 mm<\/p>\n<p>Provenance : Nig\u00e9ria<\/p>","protected":false},"featured_media":13048,"template":"","meta":{"_et_pb_use_builder":"","_et_pb_old_content":"","_et_gb_content_width":""},"product_brand":[],"product_cat":[7415,7406],"product_tag":[8193,8296,8334,8129,8164,8335,8348],"class_list":{"0":"post-13052","1":"product","2":"type-product","3":"status-publish","4":"has-post-thumbnail","6":"product_cat-deco-terre","7":"product_cat-tous-les-produits","8":"product_tag-argent","9":"product_tag-bague","10":"product_tag-beaute","11":"product_tag-bijoux","12":"product_tag-main","13":"product_tag-soiree","14":"product_tag-tourmaline","16":"first","17":"instock","18":"taxable","19":"shipping-taxable","20":"purchasable","21":"product-type-simple"},"aioseo_notices":[],"_links":{"self":[{"href":"https:\/\/arqitecture.fr\/en\/wp-json\/wp\/v2\/product\/13052","targetHints":{"allow":["GET"]}}],"collection":[{"href":"https:\/\/arqitecture.fr\/en\/wp-json\/wp\/v2\/product"}],"about":[{"href":"https:\/\/arqitecture.fr\/en\/wp-json\/wp\/v2\/types\/product"}],"wp:featuredmedia":[{"embeddable":true,"href":"https:\/\/arqitecture.fr\/en\/wp-json\/wp\/v2\/media\/13048"}],"wp:attachment":[{"href":"https:\/\/arqitecture.fr\/en\/wp-json\/wp\/v2\/media?parent=13052"}],"wp:term":[{"taxonomy":"product_brand","embeddable":true,"href":"https:\/\/arqitecture.fr\/en\/wp-json\/wp\/v2\/product_brand?post=13052"},{"taxonomy":"product_cat","embeddable":true,"href":"https:\/\/arqitecture.fr\/en\/wp-json\/wp\/v2\/product_cat?post=13052"},{"taxonomy":"product_tag","embeddable":true,"href":"https:\/\/arqitecture.fr\/en\/wp-json\/wp\/v2\/product_tag?post=13052"}],"curies":[{"name":"wp","href":"https:\/\/api.w.org\/{rel}","templated":true}]}}