{"id":13042,"date":"2024-03-23T17:58:41","date_gmt":"2024-03-23T16:58:41","guid":{"rendered":"https:\/\/site-test.jd-web-et-design.fr\/produit\/bague-topaze-bleue-pierre-semi-precieuse\/"},"modified":"2024-10-30T12:02:21","modified_gmt":"2024-10-30T11:02:21","slug":"bague-topaze-bleue-pierre-semi-precieuse","status":"publish","type":"product","link":"https:\/\/arqitecture.fr\/en\/product\/bague-topaze-bleue-pierre-semi-precieuse\/","title":{"rendered":"Bague Topaze bleue"},"content":{"rendered":"<p>\u25ba Elle fera le plus bel effet \u00e0 votre main<\/p>\n<p>\u25ba Favorise l&rsquo;\u00e9quilibre \u00e9motionnel<\/p>\n<p>\u25ba Pour une touche de charme \u00e0 votre tenue<\/p>\n<p>\u25ba Cadeau id\u00e9al pour les amateurs ou passionn\u00e9s de pierre pr\u00e9cieuse<\/p>\n<p>\u25ba Cadeau pour une St Valentin, un anniversaire, une f\u00eates ou un mariage<\/p>\n<p>&nbsp;<\/p>\n<p>Pens\u00e9e pour calmer la mauvaise humeur et donner de la force.<\/p>\n<p>Le Topaze est dite bonne pour am\u00e9liorer la clart\u00e9 mentale, pour se concentrer et \u00e9galement accro\u00eetre la confiance.<\/p>\n<p>Elle est \u00e9galement recommand\u00e9 pour les sautes d&rsquo;humeur, l&rsquo;insomnie, les soucis, les peurs, la d\u00e9pression et l&rsquo;\u00e9puisement.<\/p>","protected":false},"excerpt":{"rendered":"<p>Bague sertie de trois Topazes (bleu ciel) formant un triangle de pierres.<\/p>\n<p>Pour un look tout en douceur!<\/p>\n<p>size 62 or 19.74 mm<\/p>\n<p>Provenance : Br\u00e9sil<\/p>","protected":false},"featured_media":13038,"template":"","meta":{"_et_pb_use_builder":"","_et_pb_old_content":"","_et_gb_content_width":""},"product_brand":[],"product_cat":[7415,7406],"product_tag":[8193,8296,8334,8129,8164,8335,8347],"class_list":{"0":"post-13042","1":"product","2":"type-product","3":"status-publish","4":"has-post-thumbnail","6":"product_cat-deco-terre","7":"product_cat-tous-les-produits","8":"product_tag-argent","9":"product_tag-bague","10":"product_tag-beaute","11":"product_tag-bijoux","12":"product_tag-main","13":"product_tag-soiree","14":"product_tag-topaze","16":"first","17":"instock","18":"taxable","19":"shipping-taxable","20":"purchasable","21":"product-type-simple"},"aioseo_notices":[],"_links":{"self":[{"href":"https:\/\/arqitecture.fr\/en\/wp-json\/wp\/v2\/product\/13042","targetHints":{"allow":["GET"]}}],"collection":[{"href":"https:\/\/arqitecture.fr\/en\/wp-json\/wp\/v2\/product"}],"about":[{"href":"https:\/\/arqitecture.fr\/en\/wp-json\/wp\/v2\/types\/product"}],"wp:featuredmedia":[{"embeddable":true,"href":"https:\/\/arqitecture.fr\/en\/wp-json\/wp\/v2\/media\/13038"}],"wp:attachment":[{"href":"https:\/\/arqitecture.fr\/en\/wp-json\/wp\/v2\/media?parent=13042"}],"wp:term":[{"taxonomy":"product_brand","embeddable":true,"href":"https:\/\/arqitecture.fr\/en\/wp-json\/wp\/v2\/product_brand?post=13042"},{"taxonomy":"product_cat","embeddable":true,"href":"https:\/\/arqitecture.fr\/en\/wp-json\/wp\/v2\/product_cat?post=13042"},{"taxonomy":"product_tag","embeddable":true,"href":"https:\/\/arqitecture.fr\/en\/wp-json\/wp\/v2\/product_tag?post=13042"}],"curies":[{"name":"wp","href":"https:\/\/api.w.org\/{rel}","templated":true}]}}