{"id":13037,"date":"2024-03-23T17:54:24","date_gmt":"2024-03-23T16:54:24","guid":{"rendered":"https:\/\/site-test.jd-web-et-design.fr\/produit\/bague-saphir-pierre-semi-precieuse\/"},"modified":"2024-10-30T12:02:39","modified_gmt":"2024-10-30T11:02:39","slug":"bague-saphir-pierre-semi-precieuse","status":"publish","type":"product","link":"https:\/\/arqitecture.fr\/en\/product\/bague-saphir-pierre-semi-precieuse\/","title":{"rendered":"Bague 3 Saphirs"},"content":{"rendered":"<p>\u25ba Elle fera le plus bel effet \u00e0 votre main<\/p>\n<p>\u25ba Favorise l&rsquo;\u00e9quilibre \u00e9motionnel<\/p>\n<p>\u25ba Pour une touche de charme \u00e0 votre tenue<\/p>\n<p>\u25ba Cadeau id\u00e9al pour les amateurs ou passionn\u00e9s de pierre pr\u00e9cieuse<\/p>\n<p>\u25ba Cadeau pour une St Valentin, un anniversaire, une f\u00eates ou un mariage<\/p>\n<p>&nbsp;<\/p>\n<p>Le saphir est symbole de tranquillit\u00e9 et d\u2019apaisement.<\/p>\n<p>Une bague Saphir est souvent offerte en bagues de fian\u00e7ailles ou pour un \u00e9v\u00e8nement important.<\/p>\n<p>Longtemps associ\u00e9 \u00e0 la paix et au bonheur, estim\u00e9 pour faciliter la communication, la perspicacit\u00e9, l&rsquo;intuition, l&rsquo;inspiration et la pri\u00e8re.<\/p>\n<p>Les anciens estiment que les saphirs aiderait \u00e0 pr\u00e9dire l&rsquo;avenir.<\/p>","protected":false},"excerpt":{"rendered":"<p>Bague en argent sertie de trois Saphirs align\u00e9s.<\/p>\n<p>Un bijou minimaliste et \u00e9l\u00e9gant \u00e0 porter sans fin!<\/p>\n<p>size 56 and 17.83 mm<\/p>\n<p>Provenance: Madagascar<\/p>","protected":false},"featured_media":13034,"template":"","meta":{"_et_pb_use_builder":"","_et_pb_old_content":"","_et_gb_content_width":""},"product_brand":[],"product_cat":[7415,7406],"product_tag":[8193,8296,8334,8129,8164,8346,8335],"class_list":{"0":"post-13037","1":"product","2":"type-product","3":"status-publish","4":"has-post-thumbnail","6":"product_cat-deco-terre","7":"product_cat-tous-les-produits","8":"product_tag-argent","9":"product_tag-bague","10":"product_tag-beaute","11":"product_tag-bijoux","12":"product_tag-main","13":"product_tag-saphir","14":"product_tag-soiree","16":"first","17":"instock","18":"taxable","19":"shipping-taxable","20":"purchasable","21":"product-type-simple"},"aioseo_notices":[],"_links":{"self":[{"href":"https:\/\/arqitecture.fr\/en\/wp-json\/wp\/v2\/product\/13037","targetHints":{"allow":["GET"]}}],"collection":[{"href":"https:\/\/arqitecture.fr\/en\/wp-json\/wp\/v2\/product"}],"about":[{"href":"https:\/\/arqitecture.fr\/en\/wp-json\/wp\/v2\/types\/product"}],"wp:featuredmedia":[{"embeddable":true,"href":"https:\/\/arqitecture.fr\/en\/wp-json\/wp\/v2\/media\/13034"}],"wp:attachment":[{"href":"https:\/\/arqitecture.fr\/en\/wp-json\/wp\/v2\/media?parent=13037"}],"wp:term":[{"taxonomy":"product_brand","embeddable":true,"href":"https:\/\/arqitecture.fr\/en\/wp-json\/wp\/v2\/product_brand?post=13037"},{"taxonomy":"product_cat","embeddable":true,"href":"https:\/\/arqitecture.fr\/en\/wp-json\/wp\/v2\/product_cat?post=13037"},{"taxonomy":"product_tag","embeddable":true,"href":"https:\/\/arqitecture.fr\/en\/wp-json\/wp\/v2\/product_tag?post=13037"}],"curies":[{"name":"wp","href":"https:\/\/api.w.org\/{rel}","templated":true}]}}